{"id":66,"date":"2025-09-15T17:50:19","date_gmt":"2025-09-15T15:50:19","guid":{"rendered":"http:\/\/janescher.de\/?page_id=66"},"modified":"2025-10-03T19:05:10","modified_gmt":"2025-10-03T17:05:10","slug":"steinkauz-athene-noctua","status":"publish","type":"page","link":"https:\/\/www.eulenforschung.de\/index.php\/steinkauz-athene-noctua\/","title":{"rendered":"Steinkauz (athene noctua)"},"content":{"rendered":"\n<h2 class=\"wp-block-heading\">Merkmale<\/h2>\n\n\n\n<div class=\"wp-block-media-text is-stacked-on-mobile is-vertically-aligned-top\"><figure class=\"wp-block-media-text__media\"><img loading=\"lazy\" decoding=\"async\" width=\"533\" height=\"533\" src=\"http:\/\/eulenforschung.de\/wp-content\/uploads\/2025\/09\/Steinkauz_Portrait-edited.jpg\" alt=\"\" class=\"wp-image-74 size-full\" srcset=\"https:\/\/www.eulenforschung.de\/wp-content\/uploads\/2025\/09\/Steinkauz_Portrait-edited.jpg 533w, https:\/\/www.eulenforschung.de\/wp-content\/uploads\/2025\/09\/Steinkauz_Portrait-edited-300x300.jpg 300w, https:\/\/www.eulenforschung.de\/wp-content\/uploads\/2025\/09\/Steinkauz_Portrait-edited-150x150.jpg 150w, https:\/\/www.eulenforschung.de\/wp-content\/uploads\/2025\/09\/Steinkauz_Portrait-edited-180x180.jpg 180w\" sizes=\"auto, (max-width: 533px) 100vw, 533px\" \/><\/figure><div class=\"wp-block-media-text__content\">\n<p>Der Steinkauz ist eine der kleinsten Eulen in Baden-W\u00fcrttemberg. Mit seinem Gewicht von ca. 190g erreicht er ungef\u00e4hr die Gr\u00f6\u00dfe einer Amsel. Sein Gefieder ist oberseits dunkelbraun mit vielen hellen Flecken. Im Gegensatz zu den meisten Eulen ist der Steinkauz oft auch tagaktiv.<\/p>\n<\/div><\/div>\n\n\n\n<h2 class=\"wp-block-heading\">Lebensraum<\/h2>\n\n\n\n<p>Sein Lebensraum sind offene, mit Baumreihen und Feldgeh\u00f6lzen durchsetzte Kulturlandschaften, die mit einem ausreichenden Angebot an ger\u00e4umigen Bruth\u00f6hlen und Tageseinst\u00e4nden ausgestattet sind. Als Jagdgebiet ben\u00f6tigt er nicht zu intensiv bewirtschaftete Fl\u00e4chen mit ganzj\u00e4hrig kurzer Vegetation. Einen Verbreitungsschwerpunkt in Baden \u2013 W\u00fcrttemberg findet man in der Region Stuttgart \/Ludwigsburg. Sein bei uns bevorzugter Lebensraumtyp ist die Streuobstwiese.<\/p>\n\n\n\n<div class=\"wp-block-buttons is-layout-flex wp-block-buttons-is-layout-flex\">\n<div class=\"wp-block-button is-style-outline is-style-outline--1\"><a class=\"wp-block-button__link wp-element-button\" href=\"http:\/\/janescher.de\/index.php\/beispiel-seite\/\">Zur\u00fcck zur \u00dcbersicht<\/a><\/div>\n<\/div>\n\n\n\n<p><\/p>\n","protected":false},"excerpt":{"rendered":"<p>Merkmale Der Steinkauz ist eine der kleinsten Eulen in Baden-W\u00fcrttemberg. Mit seinem Gewicht von ca. 190g erreicht er ungef\u00e4hr die Gr\u00f6\u00dfe einer Amsel. Sein Gefieder ist oberseits dunkelbraun mit vielen&hellip;<\/p>\n","protected":false},"author":1,"featured_media":0,"parent":0,"menu_order":0,"comment_status":"closed","ping_status":"closed","template":"","meta":{"footnotes":""},"class_list":["post-66","page","type-page","status-publish","hentry","empty-entry-meta"],"yoast_head":"<!-- This site is optimized with the Yoast SEO plugin v27.5 - https:\/\/yoast.com\/product\/yoast-seo-wordpress\/ -->\n<title>Steinkauz (athene noctua) - FOGE-Eulenforschung<\/title>\n<meta name=\"robots\" content=\"index, follow, max-snippet:-1, max-image-preview:large, max-video-preview:-1\" \/>\n<link rel=\"canonical\" href=\"https:\/\/www.eulenforschung.de\/index.php\/steinkauz-athene-noctua\/\" \/>\n<meta property=\"og:locale\" content=\"de_DE\" \/>\n<meta property=\"og:type\" content=\"article\" \/>\n<meta property=\"og:title\" content=\"Steinkauz (athene noctua) - FOGE-Eulenforschung\" \/>\n<meta property=\"og:description\" content=\"Merkmale Der Steinkauz ist eine der kleinsten Eulen in Baden-W\u00fcrttemberg. Mit seinem Gewicht von ca. 190g erreicht er ungef\u00e4hr die Gr\u00f6\u00dfe einer Amsel. Sein Gefieder ist oberseits dunkelbraun mit vielen&hellip;\" \/>\n<meta property=\"og:url\" content=\"https:\/\/www.eulenforschung.de\/index.php\/steinkauz-athene-noctua\/\" \/>\n<meta property=\"og:site_name\" content=\"FOGE-Eulenforschung\" \/>\n<meta property=\"article:modified_time\" content=\"2025-10-03T17:05:10+00:00\" \/>\n<meta property=\"og:image\" content=\"http:\/\/eulenforschung.de\/wp-content\/uploads\/2025\/09\/Steinkauz_Portrait-edited.jpg\" \/>\n<meta name=\"twitter:card\" content=\"summary_large_image\" \/>\n<meta name=\"twitter:label1\" content=\"Gesch\u00e4tzte Lesezeit\" \/>\n\t<meta name=\"twitter:data1\" content=\"1\u00a0Minute\" \/>\n<script type=\"application\/ld+json\" class=\"yoast-schema-graph\">{\"@context\":\"https:\\\/\\\/schema.org\",\"@graph\":[{\"@type\":\"WebPage\",\"@id\":\"https:\\\/\\\/www.eulenforschung.de\\\/index.php\\\/steinkauz-athene-noctua\\\/\",\"url\":\"https:\\\/\\\/www.eulenforschung.de\\\/index.php\\\/steinkauz-athene-noctua\\\/\",\"name\":\"Steinkauz (athene noctua) - FOGE-Eulenforschung\",\"isPartOf\":{\"@id\":\"https:\\\/\\\/www.eulenforschung.de\\\/#website\"},\"primaryImageOfPage\":{\"@id\":\"https:\\\/\\\/www.eulenforschung.de\\\/index.php\\\/steinkauz-athene-noctua\\\/#primaryimage\"},\"image\":{\"@id\":\"https:\\\/\\\/www.eulenforschung.de\\\/index.php\\\/steinkauz-athene-noctua\\\/#primaryimage\"},\"thumbnailUrl\":\"http:\\\/\\\/eulenforschung.de\\\/wp-content\\\/uploads\\\/2025\\\/09\\\/Steinkauz_Portrait-edited.jpg\",\"datePublished\":\"2025-09-15T15:50:19+00:00\",\"dateModified\":\"2025-10-03T17:05:10+00:00\",\"breadcrumb\":{\"@id\":\"https:\\\/\\\/www.eulenforschung.de\\\/index.php\\\/steinkauz-athene-noctua\\\/#breadcrumb\"},\"inLanguage\":\"de\",\"potentialAction\":[{\"@type\":\"ReadAction\",\"target\":[\"https:\\\/\\\/www.eulenforschung.de\\\/index.php\\\/steinkauz-athene-noctua\\\/\"]}]},{\"@type\":\"ImageObject\",\"inLanguage\":\"de\",\"@id\":\"https:\\\/\\\/www.eulenforschung.de\\\/index.php\\\/steinkauz-athene-noctua\\\/#primaryimage\",\"url\":\"http:\\\/\\\/eulenforschung.de\\\/wp-content\\\/uploads\\\/2025\\\/09\\\/Steinkauz_Portrait-edited.jpg\",\"contentUrl\":\"http:\\\/\\\/eulenforschung.de\\\/wp-content\\\/uploads\\\/2025\\\/09\\\/Steinkauz_Portrait-edited.jpg\"},{\"@type\":\"BreadcrumbList\",\"@id\":\"https:\\\/\\\/www.eulenforschung.de\\\/index.php\\\/steinkauz-athene-noctua\\\/#breadcrumb\",\"itemListElement\":[{\"@type\":\"ListItem\",\"position\":1,\"name\":\"Startseite\",\"item\":\"https:\\\/\\\/www.eulenforschung.de\\\/\"},{\"@type\":\"ListItem\",\"position\":2,\"name\":\"Steinkauz (athene noctua)\"}]},{\"@type\":\"WebSite\",\"@id\":\"https:\\\/\\\/www.eulenforschung.de\\\/#website\",\"url\":\"https:\\\/\\\/www.eulenforschung.de\\\/\",\"name\":\"FOGE-Eulenforschung\",\"description\":\"Forschungsgemeinschaft zur Erhaltung einheimischer Eulen e.V.\",\"alternateName\":\"Forschungsgemeinschaft zur Erhaltung einheimischer Eulen e.V.\",\"potentialAction\":[{\"@type\":\"SearchAction\",\"target\":{\"@type\":\"EntryPoint\",\"urlTemplate\":\"https:\\\/\\\/www.eulenforschung.de\\\/?s={search_term_string}\"},\"query-input\":{\"@type\":\"PropertyValueSpecification\",\"valueRequired\":true,\"valueName\":\"search_term_string\"}}],\"inLanguage\":\"de\"}]}<\/script>\n<!-- \/ Yoast SEO plugin. -->","yoast_head_json":{"title":"Steinkauz (athene noctua) - FOGE-Eulenforschung","robots":{"index":"index","follow":"follow","max-snippet":"max-snippet:-1","max-image-preview":"max-image-preview:large","max-video-preview":"max-video-preview:-1"},"canonical":"https:\/\/www.eulenforschung.de\/index.php\/steinkauz-athene-noctua\/","og_locale":"de_DE","og_type":"article","og_title":"Steinkauz (athene noctua) - FOGE-Eulenforschung","og_description":"Merkmale Der Steinkauz ist eine der kleinsten Eulen in Baden-W\u00fcrttemberg. Mit seinem Gewicht von ca. 190g erreicht er ungef\u00e4hr die Gr\u00f6\u00dfe einer Amsel. Sein Gefieder ist oberseits dunkelbraun mit vielen&hellip;","og_url":"https:\/\/www.eulenforschung.de\/index.php\/steinkauz-athene-noctua\/","og_site_name":"FOGE-Eulenforschung","article_modified_time":"2025-10-03T17:05:10+00:00","og_image":[{"url":"http:\/\/eulenforschung.de\/wp-content\/uploads\/2025\/09\/Steinkauz_Portrait-edited.jpg","type":"","width":"","height":""}],"twitter_card":"summary_large_image","twitter_misc":{"Gesch\u00e4tzte Lesezeit":"1\u00a0Minute"},"schema":{"@context":"https:\/\/schema.org","@graph":[{"@type":"WebPage","@id":"https:\/\/www.eulenforschung.de\/index.php\/steinkauz-athene-noctua\/","url":"https:\/\/www.eulenforschung.de\/index.php\/steinkauz-athene-noctua\/","name":"Steinkauz (athene noctua) - FOGE-Eulenforschung","isPartOf":{"@id":"https:\/\/www.eulenforschung.de\/#website"},"primaryImageOfPage":{"@id":"https:\/\/www.eulenforschung.de\/index.php\/steinkauz-athene-noctua\/#primaryimage"},"image":{"@id":"https:\/\/www.eulenforschung.de\/index.php\/steinkauz-athene-noctua\/#primaryimage"},"thumbnailUrl":"http:\/\/eulenforschung.de\/wp-content\/uploads\/2025\/09\/Steinkauz_Portrait-edited.jpg","datePublished":"2025-09-15T15:50:19+00:00","dateModified":"2025-10-03T17:05:10+00:00","breadcrumb":{"@id":"https:\/\/www.eulenforschung.de\/index.php\/steinkauz-athene-noctua\/#breadcrumb"},"inLanguage":"de","potentialAction":[{"@type":"ReadAction","target":["https:\/\/www.eulenforschung.de\/index.php\/steinkauz-athene-noctua\/"]}]},{"@type":"ImageObject","inLanguage":"de","@id":"https:\/\/www.eulenforschung.de\/index.php\/steinkauz-athene-noctua\/#primaryimage","url":"http:\/\/eulenforschung.de\/wp-content\/uploads\/2025\/09\/Steinkauz_Portrait-edited.jpg","contentUrl":"http:\/\/eulenforschung.de\/wp-content\/uploads\/2025\/09\/Steinkauz_Portrait-edited.jpg"},{"@type":"BreadcrumbList","@id":"https:\/\/www.eulenforschung.de\/index.php\/steinkauz-athene-noctua\/#breadcrumb","itemListElement":[{"@type":"ListItem","position":1,"name":"Startseite","item":"https:\/\/www.eulenforschung.de\/"},{"@type":"ListItem","position":2,"name":"Steinkauz (athene noctua)"}]},{"@type":"WebSite","@id":"https:\/\/www.eulenforschung.de\/#website","url":"https:\/\/www.eulenforschung.de\/","name":"FOGE-Eulenforschung","description":"Forschungsgemeinschaft zur Erhaltung einheimischer Eulen e.V.","alternateName":"Forschungsgemeinschaft zur Erhaltung einheimischer Eulen e.V.","potentialAction":[{"@type":"SearchAction","target":{"@type":"EntryPoint","urlTemplate":"https:\/\/www.eulenforschung.de\/?s={search_term_string}"},"query-input":{"@type":"PropertyValueSpecification","valueRequired":true,"valueName":"search_term_string"}}],"inLanguage":"de"}]}},"_links":{"self":[{"href":"https:\/\/www.eulenforschung.de\/index.php\/wp-json\/wp\/v2\/pages\/66","targetHints":{"allow":["GET"]}}],"collection":[{"href":"https:\/\/www.eulenforschung.de\/index.php\/wp-json\/wp\/v2\/pages"}],"about":[{"href":"https:\/\/www.eulenforschung.de\/index.php\/wp-json\/wp\/v2\/types\/page"}],"author":[{"embeddable":true,"href":"https:\/\/www.eulenforschung.de\/index.php\/wp-json\/wp\/v2\/users\/1"}],"replies":[{"embeddable":true,"href":"https:\/\/www.eulenforschung.de\/index.php\/wp-json\/wp\/v2\/comments?post=66"}],"version-history":[{"count":3,"href":"https:\/\/www.eulenforschung.de\/index.php\/wp-json\/wp\/v2\/pages\/66\/revisions"}],"predecessor-version":[{"id":350,"href":"https:\/\/www.eulenforschung.de\/index.php\/wp-json\/wp\/v2\/pages\/66\/revisions\/350"}],"wp:attachment":[{"href":"https:\/\/www.eulenforschung.de\/index.php\/wp-json\/wp\/v2\/media?parent=66"}],"curies":[{"name":"wp","href":"https:\/\/api.w.org\/{rel}","templated":true}]}}