{"id":308,"date":"2025-10-03T17:13:04","date_gmt":"2025-10-03T15:13:04","guid":{"rendered":"http:\/\/janescher.de\/?page_id=308"},"modified":"2025-10-03T19:15:09","modified_gmt":"2025-10-03T17:15:09","slug":"uhu","status":"publish","type":"page","link":"https:\/\/www.eulenforschung.de\/index.php\/uhu\/","title":{"rendered":"Der Uhu (Bubo bubo)"},"content":{"rendered":"\n<h2 class=\"wp-block-heading\">Merkmale<\/h2>\n\n\n\n<p>Der Uhu ist mit seinem Gewicht bis zu 3000g und einer Gr\u00f6\u00dfe bis zu 70cm die gr\u00f6\u00dfte einheimische Eulenart. Bei seinem Gefieder sind ocker- und rostbraune Farbt\u00f6ne vorherrschend. Deutlich zu erkennen sind auch seine gro\u00dfen Federohren und die feuergelb bis orange-rot gef\u00e4rbte Iris.<\/p>\n\n\n\n<figure class=\"wp-block-image size-full\"><img loading=\"lazy\" decoding=\"async\" width=\"300\" height=\"200\" src=\"http:\/\/janescher.de\/wp-content\/uploads\/2025\/10\/Uhu_portrait-300x200-1.jpg\" alt=\"\" class=\"wp-image-309\" srcset=\"https:\/\/www.eulenforschung.de\/wp-content\/uploads\/2025\/10\/Uhu_portrait-300x200-1.jpg 300w, https:\/\/www.eulenforschung.de\/wp-content\/uploads\/2025\/10\/Uhu_portrait-300x200-1-270x180.jpg 270w\" sizes=\"auto, (max-width: 300px) 100vw, 300px\" \/><\/figure>\n\n\n\n<h2 class=\"wp-block-heading\">Lebensraum<\/h2>\n\n\n\n<p>Der Uhu ist eine sehr anpassungsf\u00e4hige Art. Seine Reviere findet man sowohl im Flachland als auch im Hochgebirge. Er br\u00fctet v.a. auf alten Greifvogelhorsten, in Kiesgruben, auf dem Boden, aber auch auf Hochsitzen. Selbst in Geb\u00e4uden (Kircht\u00fcrme, Silos, Industriebauten) hat es erfolgreiche Bruten gegeben. W\u00e4lder dienen dem Uhu als Brut- und Ruheplatz. Sein Jagdrevier erstreckt sich auf Felder, Wiesen und Weiden. In Teilen Baden-W\u00fcrttembergs, z.B. am Rand der Schw\u00e4bischen Alb oder am mittleren Neckar, ist der Uhu mittlerweile wieder ein etablierter Brutvogel.<\/p>\n\n\n\n<h2 class=\"wp-block-heading\">Nahrung<\/h2>\n\n\n\n<p>Seine Nahrung ist \u00e4u\u00dferst vielf\u00e4ltig und abh\u00e4ngig vom jeweiligen Lebensraum. Untersuchungen haben ergeben, dass Nagetiere (Ratten, M\u00e4use, Kaninchen), Tauben, Wasserv\u00f6gel sowie Igel \u00fcber 90% aller Beutetiere ausmachen. Empfindliche Niederwildarten machen nur einen sehr geringen Anteil von insgesamt 3,5% aus. Auch andere Eulen und Greifv\u00f6gel stehen vereinzelt auf dem Speiseplan des Uhus.<\/p>\n\n\n\n<h2 class=\"wp-block-heading\">Gef\u00e4hrdung<\/h2>\n\n\n\n<p>Als nat\u00fcrliche Feinde der nicht voll flugf\u00e4higen Jungv\u00f6gel treten vereinzelt Dachs und Fuchs in Erscheinung. Ausgewachsene Uhus haben kaum tierische Feinde. Gro\u00dfe Gefahren bestehen in Stromleitungen und Verkehr, die 70% der Todesursachen darstellen. St\u00f6rungen am Brutplatz f\u00fchren oft zum Verlassen und zur Aufgabe des Geleges.<\/p>\n\n\n\n<h2 class=\"wp-block-heading\">Schutzma\u00dfnahmen<\/h2>\n\n\n\n<p>Entscheidend f\u00fcr den Schutz der Gro\u00dfeule sind Ma\u00dfnahmen zur Sicherung ihrer Lebensr\u00e4ume und Brutpl\u00e4tze. Durch Absprache mit Forst\u00e4mtern, J\u00e4gern, Steinbruch- und Kiesgrubenbesitzern k\u00f6nnen z.B. die n\u00f6tigen Abst\u00e4nde vom Uhuhorst w\u00e4hrend der Balz im Fr\u00fchjahr und zur Brutzeit gewahrt werden. Zusammen mit den zust\u00e4ndigen Energieversorgern werden alle f\u00fcr den Uhu gef\u00e4hrlichen Stromleitungen in der N\u00e4he von Brutgebieten entsch\u00e4rft.<\/p>\n","protected":false},"excerpt":{"rendered":"<p>Merkmale Der Uhu ist mit seinem Gewicht bis zu 3000g und einer Gr\u00f6\u00dfe bis zu 70cm die gr\u00f6\u00dfte einheimische Eulenart. Bei seinem Gefieder sind ocker- und rostbraune Farbt\u00f6ne vorherrschend. Deutlich&hellip;<\/p>\n","protected":false},"author":1,"featured_media":0,"parent":0,"menu_order":0,"comment_status":"closed","ping_status":"closed","template":"","meta":{"footnotes":""},"class_list":["post-308","page","type-page","status-publish","hentry","empty-entry-meta"],"yoast_head":"<!-- This site is optimized with the Yoast SEO plugin v27.5 - https:\/\/yoast.com\/product\/yoast-seo-wordpress\/ -->\n<title>Der Uhu (Bubo bubo) - FOGE-Eulenforschung<\/title>\n<meta name=\"robots\" content=\"index, follow, max-snippet:-1, max-image-preview:large, max-video-preview:-1\" \/>\n<link rel=\"canonical\" href=\"https:\/\/www.eulenforschung.de\/index.php\/uhu\/\" \/>\n<meta property=\"og:locale\" content=\"de_DE\" \/>\n<meta property=\"og:type\" content=\"article\" \/>\n<meta property=\"og:title\" content=\"Der Uhu (Bubo bubo) - FOGE-Eulenforschung\" \/>\n<meta property=\"og:description\" content=\"Merkmale Der Uhu ist mit seinem Gewicht bis zu 3000g und einer Gr\u00f6\u00dfe bis zu 70cm die gr\u00f6\u00dfte einheimische Eulenart. Bei seinem Gefieder sind ocker- und rostbraune Farbt\u00f6ne vorherrschend. Deutlich&hellip;\" \/>\n<meta property=\"og:url\" content=\"https:\/\/www.eulenforschung.de\/index.php\/uhu\/\" \/>\n<meta property=\"og:site_name\" content=\"FOGE-Eulenforschung\" \/>\n<meta property=\"article:modified_time\" content=\"2025-10-03T17:15:09+00:00\" \/>\n<meta property=\"og:image\" content=\"http:\/\/janescher.de\/wp-content\/uploads\/2025\/10\/Uhu_portrait-300x200-1.jpg\" \/>\n<meta name=\"twitter:card\" content=\"summary_large_image\" \/>\n<meta name=\"twitter:label1\" content=\"Gesch\u00e4tzte Lesezeit\" \/>\n\t<meta name=\"twitter:data1\" content=\"2\u00a0Minuten\" \/>\n<script type=\"application\/ld+json\" class=\"yoast-schema-graph\">{\"@context\":\"https:\\\/\\\/schema.org\",\"@graph\":[{\"@type\":\"WebPage\",\"@id\":\"https:\\\/\\\/www.eulenforschung.de\\\/index.php\\\/uhu\\\/\",\"url\":\"https:\\\/\\\/www.eulenforschung.de\\\/index.php\\\/uhu\\\/\",\"name\":\"Der Uhu (Bubo bubo) - FOGE-Eulenforschung\",\"isPartOf\":{\"@id\":\"https:\\\/\\\/www.eulenforschung.de\\\/#website\"},\"primaryImageOfPage\":{\"@id\":\"https:\\\/\\\/www.eulenforschung.de\\\/index.php\\\/uhu\\\/#primaryimage\"},\"image\":{\"@id\":\"https:\\\/\\\/www.eulenforschung.de\\\/index.php\\\/uhu\\\/#primaryimage\"},\"thumbnailUrl\":\"http:\\\/\\\/janescher.de\\\/wp-content\\\/uploads\\\/2025\\\/10\\\/Uhu_portrait-300x200-1.jpg\",\"datePublished\":\"2025-10-03T15:13:04+00:00\",\"dateModified\":\"2025-10-03T17:15:09+00:00\",\"breadcrumb\":{\"@id\":\"https:\\\/\\\/www.eulenforschung.de\\\/index.php\\\/uhu\\\/#breadcrumb\"},\"inLanguage\":\"de\",\"potentialAction\":[{\"@type\":\"ReadAction\",\"target\":[\"https:\\\/\\\/www.eulenforschung.de\\\/index.php\\\/uhu\\\/\"]}]},{\"@type\":\"ImageObject\",\"inLanguage\":\"de\",\"@id\":\"https:\\\/\\\/www.eulenforschung.de\\\/index.php\\\/uhu\\\/#primaryimage\",\"url\":\"http:\\\/\\\/janescher.de\\\/wp-content\\\/uploads\\\/2025\\\/10\\\/Uhu_portrait-300x200-1.jpg\",\"contentUrl\":\"http:\\\/\\\/janescher.de\\\/wp-content\\\/uploads\\\/2025\\\/10\\\/Uhu_portrait-300x200-1.jpg\"},{\"@type\":\"BreadcrumbList\",\"@id\":\"https:\\\/\\\/www.eulenforschung.de\\\/index.php\\\/uhu\\\/#breadcrumb\",\"itemListElement\":[{\"@type\":\"ListItem\",\"position\":1,\"name\":\"Startseite\",\"item\":\"https:\\\/\\\/www.eulenforschung.de\\\/\"},{\"@type\":\"ListItem\",\"position\":2,\"name\":\"Der Uhu (Bubo bubo)\"}]},{\"@type\":\"WebSite\",\"@id\":\"https:\\\/\\\/www.eulenforschung.de\\\/#website\",\"url\":\"https:\\\/\\\/www.eulenforschung.de\\\/\",\"name\":\"FOGE-Eulenforschung\",\"description\":\"Forschungsgemeinschaft zur Erhaltung einheimischer Eulen e.V.\",\"alternateName\":\"Forschungsgemeinschaft zur Erhaltung einheimischer Eulen e.V.\",\"potentialAction\":[{\"@type\":\"SearchAction\",\"target\":{\"@type\":\"EntryPoint\",\"urlTemplate\":\"https:\\\/\\\/www.eulenforschung.de\\\/?s={search_term_string}\"},\"query-input\":{\"@type\":\"PropertyValueSpecification\",\"valueRequired\":true,\"valueName\":\"search_term_string\"}}],\"inLanguage\":\"de\"}]}<\/script>\n<!-- \/ Yoast SEO plugin. -->","yoast_head_json":{"title":"Der Uhu (Bubo bubo) - FOGE-Eulenforschung","robots":{"index":"index","follow":"follow","max-snippet":"max-snippet:-1","max-image-preview":"max-image-preview:large","max-video-preview":"max-video-preview:-1"},"canonical":"https:\/\/www.eulenforschung.de\/index.php\/uhu\/","og_locale":"de_DE","og_type":"article","og_title":"Der Uhu (Bubo bubo) - FOGE-Eulenforschung","og_description":"Merkmale Der Uhu ist mit seinem Gewicht bis zu 3000g und einer Gr\u00f6\u00dfe bis zu 70cm die gr\u00f6\u00dfte einheimische Eulenart. Bei seinem Gefieder sind ocker- und rostbraune Farbt\u00f6ne vorherrschend. Deutlich&hellip;","og_url":"https:\/\/www.eulenforschung.de\/index.php\/uhu\/","og_site_name":"FOGE-Eulenforschung","article_modified_time":"2025-10-03T17:15:09+00:00","og_image":[{"url":"http:\/\/janescher.de\/wp-content\/uploads\/2025\/10\/Uhu_portrait-300x200-1.jpg","type":"","width":"","height":""}],"twitter_card":"summary_large_image","twitter_misc":{"Gesch\u00e4tzte Lesezeit":"2\u00a0Minuten"},"schema":{"@context":"https:\/\/schema.org","@graph":[{"@type":"WebPage","@id":"https:\/\/www.eulenforschung.de\/index.php\/uhu\/","url":"https:\/\/www.eulenforschung.de\/index.php\/uhu\/","name":"Der Uhu (Bubo bubo) - FOGE-Eulenforschung","isPartOf":{"@id":"https:\/\/www.eulenforschung.de\/#website"},"primaryImageOfPage":{"@id":"https:\/\/www.eulenforschung.de\/index.php\/uhu\/#primaryimage"},"image":{"@id":"https:\/\/www.eulenforschung.de\/index.php\/uhu\/#primaryimage"},"thumbnailUrl":"http:\/\/janescher.de\/wp-content\/uploads\/2025\/10\/Uhu_portrait-300x200-1.jpg","datePublished":"2025-10-03T15:13:04+00:00","dateModified":"2025-10-03T17:15:09+00:00","breadcrumb":{"@id":"https:\/\/www.eulenforschung.de\/index.php\/uhu\/#breadcrumb"},"inLanguage":"de","potentialAction":[{"@type":"ReadAction","target":["https:\/\/www.eulenforschung.de\/index.php\/uhu\/"]}]},{"@type":"ImageObject","inLanguage":"de","@id":"https:\/\/www.eulenforschung.de\/index.php\/uhu\/#primaryimage","url":"http:\/\/janescher.de\/wp-content\/uploads\/2025\/10\/Uhu_portrait-300x200-1.jpg","contentUrl":"http:\/\/janescher.de\/wp-content\/uploads\/2025\/10\/Uhu_portrait-300x200-1.jpg"},{"@type":"BreadcrumbList","@id":"https:\/\/www.eulenforschung.de\/index.php\/uhu\/#breadcrumb","itemListElement":[{"@type":"ListItem","position":1,"name":"Startseite","item":"https:\/\/www.eulenforschung.de\/"},{"@type":"ListItem","position":2,"name":"Der Uhu (Bubo bubo)"}]},{"@type":"WebSite","@id":"https:\/\/www.eulenforschung.de\/#website","url":"https:\/\/www.eulenforschung.de\/","name":"FOGE-Eulenforschung","description":"Forschungsgemeinschaft zur Erhaltung einheimischer Eulen e.V.","alternateName":"Forschungsgemeinschaft zur Erhaltung einheimischer Eulen e.V.","potentialAction":[{"@type":"SearchAction","target":{"@type":"EntryPoint","urlTemplate":"https:\/\/www.eulenforschung.de\/?s={search_term_string}"},"query-input":{"@type":"PropertyValueSpecification","valueRequired":true,"valueName":"search_term_string"}}],"inLanguage":"de"}]}},"_links":{"self":[{"href":"https:\/\/www.eulenforschung.de\/index.php\/wp-json\/wp\/v2\/pages\/308","targetHints":{"allow":["GET"]}}],"collection":[{"href":"https:\/\/www.eulenforschung.de\/index.php\/wp-json\/wp\/v2\/pages"}],"about":[{"href":"https:\/\/www.eulenforschung.de\/index.php\/wp-json\/wp\/v2\/types\/page"}],"author":[{"embeddable":true,"href":"https:\/\/www.eulenforschung.de\/index.php\/wp-json\/wp\/v2\/users\/1"}],"replies":[{"embeddable":true,"href":"https:\/\/www.eulenforschung.de\/index.php\/wp-json\/wp\/v2\/comments?post=308"}],"version-history":[{"count":1,"href":"https:\/\/www.eulenforschung.de\/index.php\/wp-json\/wp\/v2\/pages\/308\/revisions"}],"predecessor-version":[{"id":310,"href":"https:\/\/www.eulenforschung.de\/index.php\/wp-json\/wp\/v2\/pages\/308\/revisions\/310"}],"wp:attachment":[{"href":"https:\/\/www.eulenforschung.de\/index.php\/wp-json\/wp\/v2\/media?parent=308"}],"curies":[{"name":"wp","href":"https:\/\/api.w.org\/{rel}","templated":true}]}}