{"id":293,"date":"2025-10-03T17:02:22","date_gmt":"2025-10-03T15:02:22","guid":{"rendered":"http:\/\/janescher.de\/?page_id=293"},"modified":"2025-10-03T17:02:23","modified_gmt":"2025-10-03T15:02:23","slug":"lebensraum-steuobstwiese","status":"publish","type":"page","link":"https:\/\/www.eulenforschung.de\/index.php\/lebensraum-steuobstwiese\/","title":{"rendered":"Lebensraum Steuobstwiese"},"content":{"rendered":"<div class=\"wp-block-image\">\n<figure class=\"alignleft size-full\"><img loading=\"lazy\" decoding=\"async\" width=\"300\" height=\"200\" src=\"http:\/\/janescher.de\/wp-content\/uploads\/2025\/10\/Streuobstwiese-1-300x200-1.jpg\" alt=\"\" class=\"wp-image-294\" srcset=\"https:\/\/www.eulenforschung.de\/wp-content\/uploads\/2025\/10\/Streuobstwiese-1-300x200-1.jpg 300w, https:\/\/www.eulenforschung.de\/wp-content\/uploads\/2025\/10\/Streuobstwiese-1-300x200-1-270x180.jpg 270w\" sizes=\"auto, (max-width: 300px) 100vw, 300px\" \/><\/figure>\n<\/div>\n\n\n<p>Unsere heimischen Eulenarten haben sich auf ganz unterschiedliche Lebensraumtypen angepasst, darunter gerade auch Kulturlandschaften. Da sich die Arbeit der FOGE schwerpunktm\u00e4\u00dfig auf den Steinkauz konzentriert, gilt unser Augenmerk seinem in unserer Region favorisierten Brut- und Nahrungshabitat \u2013 der Streuobstwiese.<\/p>\n\n\n\n<p>Der Steinkauz ist vermutlich erst vor rund 1.000 Jahren aus dem mediterranen Raum nach Mitteleuropa eingewandert. Damals wurden erstmals gro\u00dffl\u00e4chig W\u00e4lder gerodet, so dass vom Menschen genutzte Halboffen- und Offenlandschaften geschaffen wurden. Ein Landschaftstyp, der Steink\u00e4uzen besonders zusagte, sind die Streuobstwiesen. Bei dieser im Mittelalter entstandenen Wirtschaftsform konnten landwirtschaftliche Fl\u00e4chen gleich doppelt genutzt werden: Hochst\u00e4mmige Obstb\u00e4ume sorgten f\u00fcr eine reiche Ernte Apfel- und Birnenernte \u2013 am Boden konnte Ackerbau betrieben oder Vieh geweidet werden. F\u00fcr Steink\u00e4uze eine perfekte Kombination, da gerade alte, hochst\u00e4mmige Apfelb\u00e4ume zur H\u00f6hlenbildung neigen und damit ideale Brutm\u00f6glichkeiten gew\u00e4hrleisten. Gleichzeitig erm\u00f6glichen die vom Vieh kurzgehaltenen Weiden dem gerne am Boden jagenden Steinkauz eine effiziente Nahrungssuche in N\u00e4he seiner Brutpl\u00e4tze und Tagesverstecke.<\/p>\n\n\n<div class=\"wp-block-image\">\n<figure class=\"alignleft size-full\"><img loading=\"lazy\" decoding=\"async\" width=\"300\" height=\"200\" src=\"http:\/\/janescher.de\/wp-content\/uploads\/2025\/10\/Kauz-mit-Apfel-300x200-1.jpg\" alt=\"\" class=\"wp-image-295\" srcset=\"https:\/\/www.eulenforschung.de\/wp-content\/uploads\/2025\/10\/Kauz-mit-Apfel-300x200-1.jpg 300w, https:\/\/www.eulenforschung.de\/wp-content\/uploads\/2025\/10\/Kauz-mit-Apfel-300x200-1-270x180.jpg 270w\" sizes=\"auto, (max-width: 300px) 100vw, 300px\" \/><\/figure>\n<\/div>\n\n\n<p>Im 19. Jahrhundert wurde der Obstanbau bei uns immer mehr intensiviert und auf kurzst\u00e4mmige und damit einfach zu bewirtschaftende B\u00e4ume umgestellt. In den Nachkriegsjahren wurden sogar Rodungspr\u00e4mien f\u00fcr das F\u00e4llen von Hochstammb\u00e4umen gezahlt. Gleichzeitig forderte der Fl\u00e4chenverbrauch durch Neubau- und Industriegebiete an Ortsr\u00e4ndern seinen Tribut. Der Anteil der Streuobstwiesen als einem in vielen Regionen Baden-W\u00fcrttembergs (gleiches betrifft auch andere Teile Deutschlands und Mitteleuropas) pr\u00e4genden Landschaftstyp nahm daher rapide ab \u2013 auf Kosten der typischen Fauna und Flora.<\/p>\n\n\n\n<p>Zu den Vogelarten, die neben dem Steinkauz charakteristisch f\u00fcr Streuobstwiesen sind, geh\u00f6ren u.a. Star, Gr\u00fcnspecht (siehe Foto weiter unten) Gartenrotschwanz, Wendehals oder Halsbandschn\u00e4pper. Hinzu kommen S\u00e4ugetierarten wie Siebenschl\u00e4fer und Flederm\u00e4use sowie unz\u00e4hlige Arten von Gliederf\u00fc\u00dfern.<\/p>\n\n\n\n<h3 class=\"wp-block-heading\">Was kann man tun, um die Artenvielfalt von Streuobstwiesen zu erhalten?<\/h3>\n\n\n<div class=\"wp-block-image\">\n<figure class=\"alignleft size-full\"><img loading=\"lazy\" decoding=\"async\" width=\"300\" height=\"200\" src=\"http:\/\/janescher.de\/wp-content\/uploads\/2025\/10\/Gruenspecht-300x200-1.jpg\" alt=\"\" class=\"wp-image-296\" srcset=\"https:\/\/www.eulenforschung.de\/wp-content\/uploads\/2025\/10\/Gruenspecht-300x200-1.jpg 300w, https:\/\/www.eulenforschung.de\/wp-content\/uploads\/2025\/10\/Gruenspecht-300x200-1-270x180.jpg 270w\" sizes=\"auto, (max-width: 300px) 100vw, 300px\" \/><\/figure>\n<\/div>\n\n\n<ul class=\"wp-block-list\">\n<li>Am meisten k\u00f6nnen Eigent\u00fcmer und P\u00e4chter von Streuobstwiesen bewirken: Wichtig ist eine Pflege der Obstwiesen, allerdings auf m\u00f6glichst extensive und behutsame Art und Weise. F\u00fcr ein funktionierendes \u00d6kosystem ist es von Vorteil, wenn B\u00e4ume aller Altersstufen vorhanden sind: Sowohl kr\u00e4ftige, alte B\u00e4ume als auch abg\u00e4ngige \u201eBaumruinen\u201c und nat\u00fcrlich junge B\u00e4ume, damit die Streuobstwiese Zukunft hat.<\/li>\n\n\n\n<li>Das Anpflanzen hochst\u00e4mmiger Obstbaumarten ist sinnvoll, da sich gerade in ihnen einfacher Naturh\u00f6hlen bilden als bei niedrigst\u00e4mmigen Sorten.<\/li>\n\n\n\n<li>Eine extensive Beweidung oder regelm\u00e4\u00dfige Mahd hilft dem Steinkauz, seine Beutetiere am Boden zu jagen. Generell ist ein Mosaik aus gem\u00e4hten und nicht gem\u00e4hten Fl\u00e4chen die Grundlage f\u00fcr eine m\u00f6glichst hohe Artenvielfalt.<\/li>\n\n\n\n<li>Noch junge oder niedrigst\u00e4mmige Obstwiesen, in denen kaum Naturh\u00f6hlen vorhanden sind, k\u00f6nnen durch das Anbringen von Nisthilfen f\u00fcr viele Vogelarten aufgewertet werden. Nicht nur der Steinkauz profitiert von diesen Ma\u00dfnahmen, sondern auch zahlreiche Singv\u00f6gel, f\u00fcr die es unterschiedliche Arten von Nistk\u00e4sten gibt. Sollten Sie erw\u00e4gen, Nistr\u00f6hren f\u00fcr Steink\u00e4uze auf Ihrem Grundst\u00fcck anzubringen, w\u00fcrden wir uns freuen, wenn Sie sich mit uns <a href=\"http:\/\/janescher.de\/index.php\/kontakt\/\" data-type=\"page\" data-id=\"122\"><strong>in Verbindung<\/strong> <\/a>setzen.<\/li>\n\n\n\n<li>Auch wer keine eigene Streuobstwiese besitzt, kann einen kleinen, aber wichtigen Beitrag f\u00fcr ihren Schutz leisten: Verschiedene Kooperativen vertreiben Fruchts\u00e4fte und Mostgetr\u00e4nke, die ausschlie\u00dflich auf Streuobstwiesen produziertes Obst enthalten. Diese kosten zwar ein wenig mehr als konventionelle Fruchts\u00e4fte (man spricht von \u201eAufpreisvermarktung\u201c) \u2013 aber daf\u00fcr geben die dadurch erzielten Einnahmen den Eigent\u00fcmern von Streuobstbest\u00e4nden neben dem ideellen auch einen finanziellen Anreiz, diesen einzigartigen Lebensraumtyp zu erhalten.<\/li>\n<\/ul>\n\n\n\n<p>Weitere Informationen zum Thema \u201eStreuobstwiesen\u201c in unserer Region bietet das <a href=\"https:\/\/www.streuobst-bw.info\" target=\"_blank\" rel=\"noreferrer noopener\">Streuobstportal Baden-W\u00fcrttemberg<\/a>. Hier finden Sie auch eine <a href=\"https:\/\/www.streuobst-bw.info\/pb\/,Lde\/Startseite\/Vermarktung\/Uebersichtskarte\" target=\"_blank\" rel=\"noreferrer noopener\">Auflistung<\/a> von Anbietern, die Apfelsaft auf Grundlage von Streuobst produzieren.<\/p>\n","protected":false},"excerpt":{"rendered":"<p>Unsere heimischen Eulenarten haben sich auf ganz unterschiedliche Lebensraumtypen angepasst, darunter gerade auch Kulturlandschaften. Da sich die Arbeit der FOGE schwerpunktm\u00e4\u00dfig auf den Steinkauz konzentriert, gilt unser Augenmerk seinem in&hellip;<\/p>\n","protected":false},"author":1,"featured_media":0,"parent":0,"menu_order":0,"comment_status":"closed","ping_status":"closed","template":"","meta":{"footnotes":""},"class_list":["post-293","page","type-page","status-publish","hentry","empty-entry-meta"],"yoast_head":"<!-- This site is optimized with the Yoast SEO plugin v27.3 - https:\/\/yoast.com\/product\/yoast-seo-wordpress\/ -->\n<title>Lebensraum Steuobstwiese - FOGE-Eulenforschung<\/title>\n<meta name=\"robots\" content=\"index, follow, max-snippet:-1, max-image-preview:large, max-video-preview:-1\" \/>\n<link rel=\"canonical\" href=\"https:\/\/www.eulenforschung.de\/index.php\/lebensraum-steuobstwiese\/\" \/>\n<meta property=\"og:locale\" content=\"de_DE\" \/>\n<meta property=\"og:type\" content=\"article\" \/>\n<meta property=\"og:title\" content=\"Lebensraum Steuobstwiese - FOGE-Eulenforschung\" \/>\n<meta property=\"og:description\" content=\"Unsere heimischen Eulenarten haben sich auf ganz unterschiedliche Lebensraumtypen angepasst, darunter gerade auch Kulturlandschaften. Da sich die Arbeit der FOGE schwerpunktm\u00e4\u00dfig auf den Steinkauz konzentriert, gilt unser Augenmerk seinem in&hellip;\" \/>\n<meta property=\"og:url\" content=\"https:\/\/www.eulenforschung.de\/index.php\/lebensraum-steuobstwiese\/\" \/>\n<meta property=\"og:site_name\" content=\"FOGE-Eulenforschung\" \/>\n<meta property=\"article:modified_time\" content=\"2025-10-03T15:02:23+00:00\" \/>\n<meta property=\"og:image\" content=\"http:\/\/janescher.de\/wp-content\/uploads\/2025\/10\/Streuobstwiese-1-300x200-1.jpg\" \/>\n<meta name=\"twitter:card\" content=\"summary_large_image\" \/>\n<meta name=\"twitter:label1\" content=\"Gesch\u00e4tzte Lesezeit\" \/>\n\t<meta name=\"twitter:data1\" content=\"3\u00a0Minuten\" \/>\n<script type=\"application\/ld+json\" class=\"yoast-schema-graph\">{\"@context\":\"https:\\\/\\\/schema.org\",\"@graph\":[{\"@type\":\"WebPage\",\"@id\":\"https:\\\/\\\/www.eulenforschung.de\\\/index.php\\\/lebensraum-steuobstwiese\\\/\",\"url\":\"https:\\\/\\\/www.eulenforschung.de\\\/index.php\\\/lebensraum-steuobstwiese\\\/\",\"name\":\"Lebensraum Steuobstwiese - FOGE-Eulenforschung\",\"isPartOf\":{\"@id\":\"https:\\\/\\\/www.eulenforschung.de\\\/#website\"},\"primaryImageOfPage\":{\"@id\":\"https:\\\/\\\/www.eulenforschung.de\\\/index.php\\\/lebensraum-steuobstwiese\\\/#primaryimage\"},\"image\":{\"@id\":\"https:\\\/\\\/www.eulenforschung.de\\\/index.php\\\/lebensraum-steuobstwiese\\\/#primaryimage\"},\"thumbnailUrl\":\"http:\\\/\\\/janescher.de\\\/wp-content\\\/uploads\\\/2025\\\/10\\\/Streuobstwiese-1-300x200-1.jpg\",\"datePublished\":\"2025-10-03T15:02:22+00:00\",\"dateModified\":\"2025-10-03T15:02:23+00:00\",\"breadcrumb\":{\"@id\":\"https:\\\/\\\/www.eulenforschung.de\\\/index.php\\\/lebensraum-steuobstwiese\\\/#breadcrumb\"},\"inLanguage\":\"de\",\"potentialAction\":[{\"@type\":\"ReadAction\",\"target\":[\"https:\\\/\\\/www.eulenforschung.de\\\/index.php\\\/lebensraum-steuobstwiese\\\/\"]}]},{\"@type\":\"ImageObject\",\"inLanguage\":\"de\",\"@id\":\"https:\\\/\\\/www.eulenforschung.de\\\/index.php\\\/lebensraum-steuobstwiese\\\/#primaryimage\",\"url\":\"http:\\\/\\\/janescher.de\\\/wp-content\\\/uploads\\\/2025\\\/10\\\/Streuobstwiese-1-300x200-1.jpg\",\"contentUrl\":\"http:\\\/\\\/janescher.de\\\/wp-content\\\/uploads\\\/2025\\\/10\\\/Streuobstwiese-1-300x200-1.jpg\"},{\"@type\":\"BreadcrumbList\",\"@id\":\"https:\\\/\\\/www.eulenforschung.de\\\/index.php\\\/lebensraum-steuobstwiese\\\/#breadcrumb\",\"itemListElement\":[{\"@type\":\"ListItem\",\"position\":1,\"name\":\"Startseite\",\"item\":\"https:\\\/\\\/www.eulenforschung.de\\\/\"},{\"@type\":\"ListItem\",\"position\":2,\"name\":\"Lebensraum Steuobstwiese\"}]},{\"@type\":\"WebSite\",\"@id\":\"https:\\\/\\\/www.eulenforschung.de\\\/#website\",\"url\":\"https:\\\/\\\/www.eulenforschung.de\\\/\",\"name\":\"FOGE-Eulenforschung\",\"description\":\"Forschungsgemeinschaft zur Erhaltung einheimischer Eulen e.V.\",\"alternateName\":\"Forschungsgemeinschaft zur Erhaltung einheimischer Eulen e.V.\",\"potentialAction\":[{\"@type\":\"SearchAction\",\"target\":{\"@type\":\"EntryPoint\",\"urlTemplate\":\"https:\\\/\\\/www.eulenforschung.de\\\/?s={search_term_string}\"},\"query-input\":{\"@type\":\"PropertyValueSpecification\",\"valueRequired\":true,\"valueName\":\"search_term_string\"}}],\"inLanguage\":\"de\"}]}<\/script>\n<!-- \/ Yoast SEO plugin. -->","yoast_head_json":{"title":"Lebensraum Steuobstwiese - FOGE-Eulenforschung","robots":{"index":"index","follow":"follow","max-snippet":"max-snippet:-1","max-image-preview":"max-image-preview:large","max-video-preview":"max-video-preview:-1"},"canonical":"https:\/\/www.eulenforschung.de\/index.php\/lebensraum-steuobstwiese\/","og_locale":"de_DE","og_type":"article","og_title":"Lebensraum Steuobstwiese - FOGE-Eulenforschung","og_description":"Unsere heimischen Eulenarten haben sich auf ganz unterschiedliche Lebensraumtypen angepasst, darunter gerade auch Kulturlandschaften. Da sich die Arbeit der FOGE schwerpunktm\u00e4\u00dfig auf den Steinkauz konzentriert, gilt unser Augenmerk seinem in&hellip;","og_url":"https:\/\/www.eulenforschung.de\/index.php\/lebensraum-steuobstwiese\/","og_site_name":"FOGE-Eulenforschung","article_modified_time":"2025-10-03T15:02:23+00:00","og_image":[{"url":"http:\/\/janescher.de\/wp-content\/uploads\/2025\/10\/Streuobstwiese-1-300x200-1.jpg","type":"","width":"","height":""}],"twitter_card":"summary_large_image","twitter_misc":{"Gesch\u00e4tzte Lesezeit":"3\u00a0Minuten"},"schema":{"@context":"https:\/\/schema.org","@graph":[{"@type":"WebPage","@id":"https:\/\/www.eulenforschung.de\/index.php\/lebensraum-steuobstwiese\/","url":"https:\/\/www.eulenforschung.de\/index.php\/lebensraum-steuobstwiese\/","name":"Lebensraum Steuobstwiese - FOGE-Eulenforschung","isPartOf":{"@id":"https:\/\/www.eulenforschung.de\/#website"},"primaryImageOfPage":{"@id":"https:\/\/www.eulenforschung.de\/index.php\/lebensraum-steuobstwiese\/#primaryimage"},"image":{"@id":"https:\/\/www.eulenforschung.de\/index.php\/lebensraum-steuobstwiese\/#primaryimage"},"thumbnailUrl":"http:\/\/janescher.de\/wp-content\/uploads\/2025\/10\/Streuobstwiese-1-300x200-1.jpg","datePublished":"2025-10-03T15:02:22+00:00","dateModified":"2025-10-03T15:02:23+00:00","breadcrumb":{"@id":"https:\/\/www.eulenforschung.de\/index.php\/lebensraum-steuobstwiese\/#breadcrumb"},"inLanguage":"de","potentialAction":[{"@type":"ReadAction","target":["https:\/\/www.eulenforschung.de\/index.php\/lebensraum-steuobstwiese\/"]}]},{"@type":"ImageObject","inLanguage":"de","@id":"https:\/\/www.eulenforschung.de\/index.php\/lebensraum-steuobstwiese\/#primaryimage","url":"http:\/\/janescher.de\/wp-content\/uploads\/2025\/10\/Streuobstwiese-1-300x200-1.jpg","contentUrl":"http:\/\/janescher.de\/wp-content\/uploads\/2025\/10\/Streuobstwiese-1-300x200-1.jpg"},{"@type":"BreadcrumbList","@id":"https:\/\/www.eulenforschung.de\/index.php\/lebensraum-steuobstwiese\/#breadcrumb","itemListElement":[{"@type":"ListItem","position":1,"name":"Startseite","item":"https:\/\/www.eulenforschung.de\/"},{"@type":"ListItem","position":2,"name":"Lebensraum Steuobstwiese"}]},{"@type":"WebSite","@id":"https:\/\/www.eulenforschung.de\/#website","url":"https:\/\/www.eulenforschung.de\/","name":"FOGE-Eulenforschung","description":"Forschungsgemeinschaft zur Erhaltung einheimischer Eulen e.V.","alternateName":"Forschungsgemeinschaft zur Erhaltung einheimischer Eulen e.V.","potentialAction":[{"@type":"SearchAction","target":{"@type":"EntryPoint","urlTemplate":"https:\/\/www.eulenforschung.de\/?s={search_term_string}"},"query-input":{"@type":"PropertyValueSpecification","valueRequired":true,"valueName":"search_term_string"}}],"inLanguage":"de"}]}},"_links":{"self":[{"href":"https:\/\/www.eulenforschung.de\/index.php\/wp-json\/wp\/v2\/pages\/293","targetHints":{"allow":["GET"]}}],"collection":[{"href":"https:\/\/www.eulenforschung.de\/index.php\/wp-json\/wp\/v2\/pages"}],"about":[{"href":"https:\/\/www.eulenforschung.de\/index.php\/wp-json\/wp\/v2\/types\/page"}],"author":[{"embeddable":true,"href":"https:\/\/www.eulenforschung.de\/index.php\/wp-json\/wp\/v2\/users\/1"}],"replies":[{"embeddable":true,"href":"https:\/\/www.eulenforschung.de\/index.php\/wp-json\/wp\/v2\/comments?post=293"}],"version-history":[{"count":1,"href":"https:\/\/www.eulenforschung.de\/index.php\/wp-json\/wp\/v2\/pages\/293\/revisions"}],"predecessor-version":[{"id":297,"href":"https:\/\/www.eulenforschung.de\/index.php\/wp-json\/wp\/v2\/pages\/293\/revisions\/297"}],"wp:attachment":[{"href":"https:\/\/www.eulenforschung.de\/index.php\/wp-json\/wp\/v2\/media?parent=293"}],"curies":[{"name":"wp","href":"https:\/\/api.w.org\/{rel}","templated":true}]}}