{"id":2,"date":"2025-09-14T20:33:26","date_gmt":"2025-09-14T18:33:26","guid":{"rendered":"http:\/\/janescher.de\/?page_id=2"},"modified":"2025-10-08T15:34:05","modified_gmt":"2025-10-08T13:34:05","slug":"eulenwissen","status":"publish","type":"page","link":"https:\/\/www.eulenforschung.de\/index.php\/eulenwissen\/","title":{"rendered":"Die heimischen Eulenarten"},"content":{"rendered":"\n<p>Auf dieser Seite findest du alle heimischen Eulenarten \u00fcbersichtlich vorgestellt \u2013 mit spannenden Informationen zu Lebensweise, Besonderheiten und Schutzstatus. Einen besonderen Platz nimmt dabei der <strong>Steinkauz<\/strong> ein: Er steht im Zentrum unseres Hauptprojekts und liegt uns als Symbolart f\u00fcr Artenvielfalt und Naturschutz besonders am Herzen.<\/p>\n\n\n\n<h1 class=\"wp-block-heading\">Der Steinkauz<\/h1>\n\n\n\n<figure class=\"wp-block-image size-full is-resized\"><img loading=\"lazy\" decoding=\"async\" width=\"2560\" height=\"1920\" src=\"https:\/\/www.eulenforschung.de\/wp-content\/uploads\/2025\/10\/IMG_0111_Steinkauz-topaz-denoise-edited-scaled.jpg\" alt=\"\" class=\"wp-image-412\" style=\"width:840px;height:auto\" srcset=\"https:\/\/www.eulenforschung.de\/wp-content\/uploads\/2025\/10\/IMG_0111_Steinkauz-topaz-denoise-edited-scaled.jpg 2560w, https:\/\/www.eulenforschung.de\/wp-content\/uploads\/2025\/10\/IMG_0111_Steinkauz-topaz-denoise-edited-300x225.jpg 300w, https:\/\/www.eulenforschung.de\/wp-content\/uploads\/2025\/10\/IMG_0111_Steinkauz-topaz-denoise-edited-1024x768.jpg 1024w, https:\/\/www.eulenforschung.de\/wp-content\/uploads\/2025\/10\/IMG_0111_Steinkauz-topaz-denoise-edited-768x576.jpg 768w, https:\/\/www.eulenforschung.de\/wp-content\/uploads\/2025\/10\/IMG_0111_Steinkauz-topaz-denoise-edited-1536x1152.jpg 1536w, https:\/\/www.eulenforschung.de\/wp-content\/uploads\/2025\/10\/IMG_0111_Steinkauz-topaz-denoise-edited-2048x1536.jpg 2048w, https:\/\/www.eulenforschung.de\/wp-content\/uploads\/2025\/10\/IMG_0111_Steinkauz-topaz-denoise-edited-400x300.jpg 400w, https:\/\/www.eulenforschung.de\/wp-content\/uploads\/2025\/10\/IMG_0111_Steinkauz-topaz-denoise-edited-800x600.jpg 800w, https:\/\/www.eulenforschung.de\/wp-content\/uploads\/2025\/10\/IMG_0111_Steinkauz-topaz-denoise-edited-240x180.jpg 240w\" sizes=\"auto, (max-width: 2560px) 100vw, 2560px\" \/><\/figure>\n\n\n\n<h2 class=\"wp-block-heading\">Merkmale<\/h2>\n\n\n\n<p>Der Steinkauz ist eine der kleinsten Eulen in Baden-W\u00fcrttemberg. Mit seinem Gewicht von ca. 190g erreicht er ungef\u00e4hr die Gr\u00f6\u00dfe einer Amsel. Sein Gefieder ist oberseits dunkelbraun mit vielen hellen Flecken. Im Gegensatz zu den meisten Eulen ist der Steinkauz oft auch tagaktiv.<\/p>\n\n\n\n<h2 class=\"wp-block-heading\">Lebensraum<\/h2>\n\n\n\n<p>Sein Lebensraum sind offene, mit Baumreihen und Feldgeh\u00f6lzen durchsetzte Kulturlandschaften, die mit einem ausreichenden Angebot an ger\u00e4umigen Bruth\u00f6hlen und Tageseinst\u00e4nden ausgestattet sind. Als Jagdgebiet ben\u00f6tigt er nicht zu intensiv bewirtschaftete Fl\u00e4chen mit ganzj\u00e4hrig kurzer Vegetation. Einen Verbreitungsschwerpunkt in Baden \u2013 W\u00fcrttemberg findet man in der Region Stuttgart \/Ludwigsburg. Sein bei uns bevorzugter <a href=\"http:\/\/eulenforschung.de\/index.php\/lebensraum-steuobstwiese\/\" data-type=\"page\" data-id=\"293\"><strong>Lebensraumtyp ist die Streuobstwiese<\/strong><\/a>.<\/p>\n\n\n\n<h2 class=\"wp-block-heading\">Nahrung<\/h2>\n\n\n\n<p>Hauptnahrung sind Bodentiere der offenen Landschaft, vor allem Kleins\u00e4uger bis zur Maulwurfsgr\u00f6\u00dfe, aber auch Insekten und Regenw\u00fcrmer, die w\u00e4hrend der warmen Jahreszeit ca. 75% der Beutetiere ausmachen.<\/p>\n\n\n\n<h2 class=\"wp-block-heading\">Gef\u00e4hrdung<\/h2>\n\n\n\n<p>Die st\u00e4ndige Verringerung des Brutplatzangebotes durch Ausbau und Aufr\u00e4umungsarbeiten in landwirtschaftlichen Geb\u00e4uden sowie das Fehlen geeigneter nat\u00fcrlicher Nistgelegenheiten (Kopfweiden, alte Obstb\u00e4ume) sind wesentliche Gr\u00fcnde f\u00fcr den starken R\u00fcckgang des Steinkauzes. Auch strukturelle \u00c4nderungen in den landwirtschaftlichen Betrieben, die dazu f\u00fchrten, dass viele Gr\u00fcnlandfl\u00e4chen in Ackerland umgewandelt wurden, wirken sich aus. Der Insektizid- und Pestizideinsatz erh\u00f6hte sich und trug ebenfalls zum R\u00fcckgang bei.<\/p>\n\n\n\n<h2 class=\"wp-block-heading\">Schutzma\u00dfnahmen<\/h2>\n\n\n\n<ul class=\"wp-block-list\">\n<li>Erhaltung von Gr\u00fcnfl\u00e4chen mit hochst\u00e4mmigen Obstb\u00e4umen sowie Weiden<\/li>\n\n\n\n<li>Neupflanzung und Pflege von Weiden und Obstb\u00e4umen als nat\u00fcrliche Nistpl\u00e4tze<\/li>\n\n\n\n<li>Anbringen von k\u00fcnstlichen Nisthilfen<\/li>\n\n\n\n<li>Erhaltung von Wegr\u00e4ndern und Feldrainen als R\u00fcckzugsgebiet f\u00fcr Kleins\u00e4uger und Insekten<\/li>\n\n\n\n<li>Einschr\u00e4nkung des Biozideinsatzes in der Landwirtschaft<\/li>\n<\/ul>\n\n\n\n<p>Die FOGE befasst sich im Rahmen ihres <a href=\"http:\/\/eulenforschung.de\/index.php\/unser-steinkauzprojekt\/\" data-type=\"page\" data-id=\"30\"><strong>Steinkauzprojekts <\/strong><\/a>intensiv mit dem Schutz dieser in den 1980er Jahren im Kreis Ludwigsburg fast ausgestorbenen Eulenart.<\/p>\n\n\n\n<div style=\"height:84px\" aria-hidden=\"true\" class=\"wp-block-spacer\"><\/div>\n\n\n\n<hr class=\"wp-block-separator has-alpha-channel-opacity\"\/>\n\n\n\n<h2 class=\"wp-block-heading\">Unsere weiteren Eulenarten<\/h2>\n\n\n\n<div class=\"wp-block-columns is-layout-flex wp-container-core-columns-is-layout-9d6595d7 wp-block-columns-is-layout-flex\">\n<div class=\"wp-block-column is-layout-flow wp-block-column-is-layout-flow\">\n<figure class=\"wp-block-gallery has-nested-images columns-default is-cropped wp-block-gallery-1 is-layout-flex wp-block-gallery-is-layout-flex\">\n<figure class=\"wp-block-image size-large\"><a href=\"https:\/\/www.eulenforschung.de\/index.php\/schleiereule\/\"><img loading=\"lazy\" decoding=\"async\" width=\"200\" height=\"200\" data-id=\"428\" src=\"https:\/\/www.eulenforschung.de\/wp-content\/uploads\/2025\/10\/Eulenwissen_Schleiereule-1.jpg\" alt=\"\" class=\"wp-image-428\" srcset=\"https:\/\/www.eulenforschung.de\/wp-content\/uploads\/2025\/10\/Eulenwissen_Schleiereule-1.jpg 200w, https:\/\/www.eulenforschung.de\/wp-content\/uploads\/2025\/10\/Eulenwissen_Schleiereule-1-150x150.jpg 150w, https:\/\/www.eulenforschung.de\/wp-content\/uploads\/2025\/10\/Eulenwissen_Schleiereule-1-180x180.jpg 180w\" sizes=\"auto, (max-width: 200px) 100vw, 200px\" \/><\/a><figcaption class=\"wp-element-caption\"><strong>SCHLEIEREULE<\/strong><\/figcaption><\/figure>\n<\/figure>\n<\/div>\n\n\n\n<div class=\"wp-block-column is-layout-flow wp-block-column-is-layout-flow\">\n<figure class=\"wp-block-gallery has-nested-images columns-default is-cropped wp-block-gallery-2 is-layout-flex wp-block-gallery-is-layout-flex\">\n<figure class=\"wp-block-image size-large\"><a href=\"https:\/\/www.eulenforschung.de\/index.php\/waldkauz\/\"><img loading=\"lazy\" decoding=\"async\" width=\"200\" height=\"200\" data-id=\"430\" src=\"https:\/\/www.eulenforschung.de\/wp-content\/uploads\/2025\/10\/Eulenwissen_Waldkauz-1.jpg\" alt=\"\" class=\"wp-image-430\" srcset=\"https:\/\/www.eulenforschung.de\/wp-content\/uploads\/2025\/10\/Eulenwissen_Waldkauz-1.jpg 200w, https:\/\/www.eulenforschung.de\/wp-content\/uploads\/2025\/10\/Eulenwissen_Waldkauz-1-150x150.jpg 150w, https:\/\/www.eulenforschung.de\/wp-content\/uploads\/2025\/10\/Eulenwissen_Waldkauz-1-180x180.jpg 180w\" sizes=\"auto, (max-width: 200px) 100vw, 200px\" \/><\/a><figcaption class=\"wp-element-caption\"><strong>WALDKAUZ<\/strong><\/figcaption><\/figure>\n<\/figure>\n<\/div>\n\n\n\n<div class=\"wp-block-column is-layout-flow wp-block-column-is-layout-flow\">\n<figure class=\"wp-block-gallery has-nested-images columns-default is-cropped wp-block-gallery-3 is-layout-flex wp-block-gallery-is-layout-flex\">\n<figure class=\"wp-block-image size-large\"><a href=\"https:\/\/www.eulenforschung.de\/index.php\/waldohreule\/\"><img loading=\"lazy\" decoding=\"async\" width=\"200\" height=\"200\" data-id=\"431\" src=\"https:\/\/www.eulenforschung.de\/wp-content\/uploads\/2025\/10\/Eulenwissen_Waldohreule-1.jpg\" alt=\"\" class=\"wp-image-431\" srcset=\"https:\/\/www.eulenforschung.de\/wp-content\/uploads\/2025\/10\/Eulenwissen_Waldohreule-1.jpg 200w, https:\/\/www.eulenforschung.de\/wp-content\/uploads\/2025\/10\/Eulenwissen_Waldohreule-1-150x150.jpg 150w, https:\/\/www.eulenforschung.de\/wp-content\/uploads\/2025\/10\/Eulenwissen_Waldohreule-1-180x180.jpg 180w\" sizes=\"auto, (max-width: 200px) 100vw, 200px\" \/><\/a><figcaption class=\"wp-element-caption\"><strong>WALDOHREULE<\/strong><\/figcaption><\/figure>\n<\/figure>\n<\/div>\n<\/div>\n\n\n\n<div style=\"height:25px\" aria-hidden=\"true\" class=\"wp-block-spacer\"><\/div>\n\n\n\n<div class=\"wp-block-columns is-layout-flex wp-container-core-columns-is-layout-9d6595d7 wp-block-columns-is-layout-flex\">\n<div class=\"wp-block-column is-layout-flow wp-block-column-is-layout-flow\">\n<figure class=\"wp-block-gallery has-nested-images columns-default is-cropped wp-block-gallery-4 is-layout-flex wp-block-gallery-is-layout-flex\">\n<figure class=\"wp-block-image size-large\"><a href=\"https:\/\/www.eulenforschung.de\/index.php\/raufusskauz\/\"><img loading=\"lazy\" decoding=\"async\" width=\"200\" height=\"200\" data-id=\"432\" src=\"https:\/\/www.eulenforschung.de\/wp-content\/uploads\/2025\/10\/Eulenwissen_Raufusskauz.jpg\" alt=\"\" class=\"wp-image-432\" srcset=\"https:\/\/www.eulenforschung.de\/wp-content\/uploads\/2025\/10\/Eulenwissen_Raufusskauz.jpg 200w, https:\/\/www.eulenforschung.de\/wp-content\/uploads\/2025\/10\/Eulenwissen_Raufusskauz-150x150.jpg 150w, https:\/\/www.eulenforschung.de\/wp-content\/uploads\/2025\/10\/Eulenwissen_Raufusskauz-180x180.jpg 180w\" sizes=\"auto, (max-width: 200px) 100vw, 200px\" \/><\/a><figcaption class=\"wp-element-caption\"><strong>RAUFUSSKAUZ<\/strong><\/figcaption><\/figure>\n<\/figure>\n<\/div>\n\n\n\n<div class=\"wp-block-column is-layout-flow wp-block-column-is-layout-flow\">\n<figure class=\"wp-block-gallery has-nested-images columns-default is-cropped wp-block-gallery-5 is-layout-flex wp-block-gallery-is-layout-flex\">\n<figure class=\"wp-block-image size-large\"><a href=\"https:\/\/www.eulenforschung.de\/index.php\/uhu\/\"><img loading=\"lazy\" decoding=\"async\" width=\"200\" height=\"200\" data-id=\"433\" src=\"https:\/\/www.eulenforschung.de\/wp-content\/uploads\/2025\/10\/Eulenwissen_Uhu.jpg\" alt=\"\" class=\"wp-image-433\" srcset=\"https:\/\/www.eulenforschung.de\/wp-content\/uploads\/2025\/10\/Eulenwissen_Uhu.jpg 200w, https:\/\/www.eulenforschung.de\/wp-content\/uploads\/2025\/10\/Eulenwissen_Uhu-150x150.jpg 150w, https:\/\/www.eulenforschung.de\/wp-content\/uploads\/2025\/10\/Eulenwissen_Uhu-180x180.jpg 180w\" sizes=\"auto, (max-width: 200px) 100vw, 200px\" \/><\/a><figcaption class=\"wp-element-caption\"><strong>UHU<\/strong><\/figcaption><\/figure>\n<\/figure>\n<\/div>\n\n\n\n<div class=\"wp-block-column is-layout-flow wp-block-column-is-layout-flow\">\n<figure class=\"wp-block-gallery has-nested-images columns-default is-cropped wp-block-gallery-6 is-layout-flex wp-block-gallery-is-layout-flex\">\n<figure class=\"wp-block-image size-large\"><a href=\"https:\/\/www.eulenforschung.de\/index.php\/sperlingskauz\/\"><img loading=\"lazy\" decoding=\"async\" width=\"200\" height=\"200\" data-id=\"434\" src=\"https:\/\/www.eulenforschung.de\/wp-content\/uploads\/2025\/10\/Eulenwissen_Sperlingskauz.jpg\" alt=\"\" class=\"wp-image-434\" srcset=\"https:\/\/www.eulenforschung.de\/wp-content\/uploads\/2025\/10\/Eulenwissen_Sperlingskauz.jpg 200w, https:\/\/www.eulenforschung.de\/wp-content\/uploads\/2025\/10\/Eulenwissen_Sperlingskauz-150x150.jpg 150w, https:\/\/www.eulenforschung.de\/wp-content\/uploads\/2025\/10\/Eulenwissen_Sperlingskauz-180x180.jpg 180w\" sizes=\"auto, (max-width: 200px) 100vw, 200px\" \/><\/a><figcaption class=\"wp-element-caption\"><strong>SPERLINGSKAUZ<\/strong><\/figcaption><\/figure>\n<\/figure>\n<\/div>\n<\/div>\n\n\n\n<div style=\"height:25px\" aria-hidden=\"true\" class=\"wp-block-spacer\"><\/div>\n\n\n\n<div class=\"wp-block-columns is-layout-flex wp-container-core-columns-is-layout-9d6595d7 wp-block-columns-is-layout-flex\">\n<div class=\"wp-block-column is-layout-flow wp-block-column-is-layout-flow\"><\/div>\n\n\n\n<div class=\"wp-block-column is-layout-flow wp-block-column-is-layout-flow\">\n<figure class=\"wp-block-gallery has-nested-images columns-default is-cropped wp-block-gallery-7 is-layout-flex wp-block-gallery-is-layout-flex\">\n<figure class=\"wp-block-image size-large\"><a href=\"https:\/\/www.eulenforschung.de\/index.php\/sumpfohreule\/\"><img loading=\"lazy\" decoding=\"async\" width=\"200\" height=\"200\" data-id=\"435\" src=\"https:\/\/www.eulenforschung.de\/wp-content\/uploads\/2025\/10\/Eulenwissen_Sumpfohreule.jpg\" alt=\"\" class=\"wp-image-435\" srcset=\"https:\/\/www.eulenforschung.de\/wp-content\/uploads\/2025\/10\/Eulenwissen_Sumpfohreule.jpg 200w, https:\/\/www.eulenforschung.de\/wp-content\/uploads\/2025\/10\/Eulenwissen_Sumpfohreule-150x150.jpg 150w, https:\/\/www.eulenforschung.de\/wp-content\/uploads\/2025\/10\/Eulenwissen_Sumpfohreule-180x180.jpg 180w\" sizes=\"auto, (max-width: 200px) 100vw, 200px\" \/><\/a><figcaption class=\"wp-element-caption\"><strong>SUMPFOHREULE<\/strong><\/figcaption><\/figure>\n<\/figure>\n<\/div>\n\n\n\n<div class=\"wp-block-column is-layout-flow wp-block-column-is-layout-flow\"><\/div>\n<\/div>\n","protected":false},"excerpt":{"rendered":"<p>Auf dieser Seite findest du alle heimischen Eulenarten \u00fcbersichtlich vorgestellt \u2013 mit spannenden Informationen zu Lebensweise, Besonderheiten und Schutzstatus. Einen besonderen Platz nimmt dabei der Steinkauz ein: Er steht im&hellip;<\/p>\n","protected":false},"author":1,"featured_media":0,"parent":0,"menu_order":0,"comment_status":"closed","ping_status":"closed","template":"","meta":{"footnotes":""},"class_list":["post-2","page","type-page","status-publish","hentry","empty-entry-meta"],"yoast_head":"<!-- This site is optimized with the Yoast SEO plugin v27.3 - https:\/\/yoast.com\/product\/yoast-seo-wordpress\/ -->\n<title>Die heimischen Eulenarten - FOGE-Eulenforschung<\/title>\n<meta name=\"robots\" content=\"index, follow, max-snippet:-1, max-image-preview:large, max-video-preview:-1\" \/>\n<link rel=\"canonical\" href=\"https:\/\/www.eulenforschung.de\/index.php\/eulenwissen\/\" \/>\n<meta property=\"og:locale\" content=\"de_DE\" \/>\n<meta property=\"og:type\" content=\"article\" \/>\n<meta property=\"og:title\" content=\"Die heimischen Eulenarten - FOGE-Eulenforschung\" \/>\n<meta property=\"og:description\" content=\"Auf dieser Seite findest du alle heimischen Eulenarten \u00fcbersichtlich vorgestellt \u2013 mit spannenden Informationen zu Lebensweise, Besonderheiten und Schutzstatus. Einen besonderen Platz nimmt dabei der Steinkauz ein: Er steht im&hellip;\" \/>\n<meta property=\"og:url\" content=\"https:\/\/www.eulenforschung.de\/index.php\/eulenwissen\/\" \/>\n<meta property=\"og:site_name\" content=\"FOGE-Eulenforschung\" \/>\n<meta property=\"article:modified_time\" content=\"2025-10-08T13:34:05+00:00\" \/>\n<meta property=\"og:image\" content=\"https:\/\/www.eulenforschung.de\/wp-content\/uploads\/2025\/10\/IMG_0111_Steinkauz-topaz-denoise-edited-scaled.jpg\" \/>\n<meta name=\"twitter:card\" content=\"summary_large_image\" \/>\n<meta name=\"twitter:label1\" content=\"Gesch\u00e4tzte Lesezeit\" \/>\n\t<meta name=\"twitter:data1\" content=\"4\u00a0Minuten\" \/>\n<script type=\"application\/ld+json\" class=\"yoast-schema-graph\">{\"@context\":\"https:\\\/\\\/schema.org\",\"@graph\":[{\"@type\":\"WebPage\",\"@id\":\"https:\\\/\\\/www.eulenforschung.de\\\/index.php\\\/eulenwissen\\\/\",\"url\":\"https:\\\/\\\/www.eulenforschung.de\\\/index.php\\\/eulenwissen\\\/\",\"name\":\"Die heimischen Eulenarten - FOGE-Eulenforschung\",\"isPartOf\":{\"@id\":\"https:\\\/\\\/www.eulenforschung.de\\\/#website\"},\"primaryImageOfPage\":{\"@id\":\"https:\\\/\\\/www.eulenforschung.de\\\/index.php\\\/eulenwissen\\\/#primaryimage\"},\"image\":{\"@id\":\"https:\\\/\\\/www.eulenforschung.de\\\/index.php\\\/eulenwissen\\\/#primaryimage\"},\"thumbnailUrl\":\"https:\\\/\\\/www.eulenforschung.de\\\/wp-content\\\/uploads\\\/2025\\\/10\\\/IMG_0111_Steinkauz-topaz-denoise-edited-scaled.jpg\",\"datePublished\":\"2025-09-14T18:33:26+00:00\",\"dateModified\":\"2025-10-08T13:34:05+00:00\",\"breadcrumb\":{\"@id\":\"https:\\\/\\\/www.eulenforschung.de\\\/index.php\\\/eulenwissen\\\/#breadcrumb\"},\"inLanguage\":\"de\",\"potentialAction\":[{\"@type\":\"ReadAction\",\"target\":[\"https:\\\/\\\/www.eulenforschung.de\\\/index.php\\\/eulenwissen\\\/\"]}]},{\"@type\":\"ImageObject\",\"inLanguage\":\"de\",\"@id\":\"https:\\\/\\\/www.eulenforschung.de\\\/index.php\\\/eulenwissen\\\/#primaryimage\",\"url\":\"https:\\\/\\\/www.eulenforschung.de\\\/wp-content\\\/uploads\\\/2025\\\/10\\\/IMG_0111_Steinkauz-topaz-denoise-edited-scaled.jpg\",\"contentUrl\":\"https:\\\/\\\/www.eulenforschung.de\\\/wp-content\\\/uploads\\\/2025\\\/10\\\/IMG_0111_Steinkauz-topaz-denoise-edited-scaled.jpg\",\"width\":2560,\"height\":1920},{\"@type\":\"BreadcrumbList\",\"@id\":\"https:\\\/\\\/www.eulenforschung.de\\\/index.php\\\/eulenwissen\\\/#breadcrumb\",\"itemListElement\":[{\"@type\":\"ListItem\",\"position\":1,\"name\":\"Startseite\",\"item\":\"https:\\\/\\\/www.eulenforschung.de\\\/\"},{\"@type\":\"ListItem\",\"position\":2,\"name\":\"Die heimischen Eulenarten\"}]},{\"@type\":\"WebSite\",\"@id\":\"https:\\\/\\\/www.eulenforschung.de\\\/#website\",\"url\":\"https:\\\/\\\/www.eulenforschung.de\\\/\",\"name\":\"FOGE-Eulenforschung\",\"description\":\"Forschungsgemeinschaft zur Erhaltung einheimischer Eulen e.V.\",\"alternateName\":\"Forschungsgemeinschaft zur Erhaltung einheimischer Eulen e.V.\",\"potentialAction\":[{\"@type\":\"SearchAction\",\"target\":{\"@type\":\"EntryPoint\",\"urlTemplate\":\"https:\\\/\\\/www.eulenforschung.de\\\/?s={search_term_string}\"},\"query-input\":{\"@type\":\"PropertyValueSpecification\",\"valueRequired\":true,\"valueName\":\"search_term_string\"}}],\"inLanguage\":\"de\"}]}<\/script>\n<!-- \/ Yoast SEO plugin. -->","yoast_head_json":{"title":"Die heimischen Eulenarten - FOGE-Eulenforschung","robots":{"index":"index","follow":"follow","max-snippet":"max-snippet:-1","max-image-preview":"max-image-preview:large","max-video-preview":"max-video-preview:-1"},"canonical":"https:\/\/www.eulenforschung.de\/index.php\/eulenwissen\/","og_locale":"de_DE","og_type":"article","og_title":"Die heimischen Eulenarten - FOGE-Eulenforschung","og_description":"Auf dieser Seite findest du alle heimischen Eulenarten \u00fcbersichtlich vorgestellt \u2013 mit spannenden Informationen zu Lebensweise, Besonderheiten und Schutzstatus. Einen besonderen Platz nimmt dabei der Steinkauz ein: Er steht im&hellip;","og_url":"https:\/\/www.eulenforschung.de\/index.php\/eulenwissen\/","og_site_name":"FOGE-Eulenforschung","article_modified_time":"2025-10-08T13:34:05+00:00","og_image":[{"url":"https:\/\/www.eulenforschung.de\/wp-content\/uploads\/2025\/10\/IMG_0111_Steinkauz-topaz-denoise-edited-scaled.jpg","type":"","width":"","height":""}],"twitter_card":"summary_large_image","twitter_misc":{"Gesch\u00e4tzte Lesezeit":"4\u00a0Minuten"},"schema":{"@context":"https:\/\/schema.org","@graph":[{"@type":"WebPage","@id":"https:\/\/www.eulenforschung.de\/index.php\/eulenwissen\/","url":"https:\/\/www.eulenforschung.de\/index.php\/eulenwissen\/","name":"Die heimischen Eulenarten - FOGE-Eulenforschung","isPartOf":{"@id":"https:\/\/www.eulenforschung.de\/#website"},"primaryImageOfPage":{"@id":"https:\/\/www.eulenforschung.de\/index.php\/eulenwissen\/#primaryimage"},"image":{"@id":"https:\/\/www.eulenforschung.de\/index.php\/eulenwissen\/#primaryimage"},"thumbnailUrl":"https:\/\/www.eulenforschung.de\/wp-content\/uploads\/2025\/10\/IMG_0111_Steinkauz-topaz-denoise-edited-scaled.jpg","datePublished":"2025-09-14T18:33:26+00:00","dateModified":"2025-10-08T13:34:05+00:00","breadcrumb":{"@id":"https:\/\/www.eulenforschung.de\/index.php\/eulenwissen\/#breadcrumb"},"inLanguage":"de","potentialAction":[{"@type":"ReadAction","target":["https:\/\/www.eulenforschung.de\/index.php\/eulenwissen\/"]}]},{"@type":"ImageObject","inLanguage":"de","@id":"https:\/\/www.eulenforschung.de\/index.php\/eulenwissen\/#primaryimage","url":"https:\/\/www.eulenforschung.de\/wp-content\/uploads\/2025\/10\/IMG_0111_Steinkauz-topaz-denoise-edited-scaled.jpg","contentUrl":"https:\/\/www.eulenforschung.de\/wp-content\/uploads\/2025\/10\/IMG_0111_Steinkauz-topaz-denoise-edited-scaled.jpg","width":2560,"height":1920},{"@type":"BreadcrumbList","@id":"https:\/\/www.eulenforschung.de\/index.php\/eulenwissen\/#breadcrumb","itemListElement":[{"@type":"ListItem","position":1,"name":"Startseite","item":"https:\/\/www.eulenforschung.de\/"},{"@type":"ListItem","position":2,"name":"Die heimischen Eulenarten"}]},{"@type":"WebSite","@id":"https:\/\/www.eulenforschung.de\/#website","url":"https:\/\/www.eulenforschung.de\/","name":"FOGE-Eulenforschung","description":"Forschungsgemeinschaft zur Erhaltung einheimischer Eulen e.V.","alternateName":"Forschungsgemeinschaft zur Erhaltung einheimischer Eulen e.V.","potentialAction":[{"@type":"SearchAction","target":{"@type":"EntryPoint","urlTemplate":"https:\/\/www.eulenforschung.de\/?s={search_term_string}"},"query-input":{"@type":"PropertyValueSpecification","valueRequired":true,"valueName":"search_term_string"}}],"inLanguage":"de"}]}},"_links":{"self":[{"href":"https:\/\/www.eulenforschung.de\/index.php\/wp-json\/wp\/v2\/pages\/2","targetHints":{"allow":["GET"]}}],"collection":[{"href":"https:\/\/www.eulenforschung.de\/index.php\/wp-json\/wp\/v2\/pages"}],"about":[{"href":"https:\/\/www.eulenforschung.de\/index.php\/wp-json\/wp\/v2\/types\/page"}],"author":[{"embeddable":true,"href":"https:\/\/www.eulenforschung.de\/index.php\/wp-json\/wp\/v2\/users\/1"}],"replies":[{"embeddable":true,"href":"https:\/\/www.eulenforschung.de\/index.php\/wp-json\/wp\/v2\/comments?post=2"}],"version-history":[{"count":42,"href":"https:\/\/www.eulenforschung.de\/index.php\/wp-json\/wp\/v2\/pages\/2\/revisions"}],"predecessor-version":[{"id":439,"href":"https:\/\/www.eulenforschung.de\/index.php\/wp-json\/wp\/v2\/pages\/2\/revisions\/439"}],"wp:attachment":[{"href":"https:\/\/www.eulenforschung.de\/index.php\/wp-json\/wp\/v2\/media?parent=2"}],"curies":[{"name":"wp","href":"https:\/\/api.w.org\/{rel}","templated":true}]}}