{"id":16,"date":"2025-09-15T12:02:53","date_gmt":"2025-09-15T10:02:53","guid":{"rendered":"http:\/\/janescher.de\/?page_id=16"},"modified":"2025-10-04T16:42:55","modified_gmt":"2025-10-04T14:42:55","slug":"willkommen-bei-steinkauz-co","status":"publish","type":"page","link":"https:\/\/www.eulenforschung.de\/","title":{"rendered":"Willkommen bei Steinkauz &#038; Co."},"content":{"rendered":"\n<p class=\"has-text-align-center\">Der Steinkauz war im Landkreis Ludwigsburg (Baden-W\u00fcrttemberg) Ende der 1980er Jahre fast ausgestorben. Nur noch acht Paare der kleinen Eule konnten damals nachgewiesen werden. Die \u201eFOGE \u2013 Forschungsgemeinschaft zur Erhaltung einheimischer Eulen e.V.\u201c hat daher 1988 in Zusammenarbeit mit verschiedenen Naturschutzorganisationen ein Projekt zum Schutz des Steinkauzes gestartet. Dieses Projekt wird vom Landratsamt (Untere Naturschutzbeh\u00f6rde) und den Kreisgemeinden mitgetragen. Es bildet den Arbeitsschwerpunkt der FOGE.&nbsp;Heute geh\u00f6rt der Kreis Ludwigsburg zu den vom Steinkauz am dichtesten besiedelten Gebieten in S\u00fcddeutschland. Der Grund daf\u00fcr sind umfangreiche und durch wissenschaftliche Untersuchungen unterst\u00fctzte Schutzma\u00dfnahmen.<\/p>\n\n\n\n<figure class=\"wp-block-embed is-type-video is-provider-youtube wp-block-embed-youtube wp-embed-aspect-16-9 wp-has-aspect-ratio\"><div class=\"wp-block-embed__wrapper\">\n<div class=\"video-wrapper\"><iframe loading=\"lazy\" title=\"GPS-Telemetrie beim Steinkauz (2024)\" width=\"840\" height=\"473\" src=\"https:\/\/www.youtube.com\/embed\/rCjrNvVMLzY?feature=oembed\" frameborder=\"0\" allow=\"accelerometer; autoplay; clipboard-write; encrypted-media; gyroscope; picture-in-picture; web-share\" referrerpolicy=\"strict-origin-when-cross-origin\" allowfullscreen><\/iframe><\/div>\n<\/div><\/figure>\n\n\n\n<figure class=\"wp-block-video\"><video height=\"480\" style=\"aspect-ratio: 854 \/ 480;\" width=\"854\" controls src=\"http:\/\/eulenforschung.de\/wp-content\/uploads\/2025\/09\/FOGE-2023-Web.mp4\"><\/video><\/figure>\n\n\n\n<div style=\"height:70px\" aria-hidden=\"true\" class=\"wp-block-spacer\"><\/div>\n\n\n\n<h1 class=\"wp-block-heading has-text-align-center\">H\u00e4ufige Fragen<\/h1>\n\n\n\n<p class=\"has-text-align-center\">Sie haben ein dringendes Anliegen? Sie haben im Kreis Ludwigsburg besondere Beobachtungen von Eulen, speziell Steink\u00e4uzen gemacht? Sie haben eine tote oder verletzte Eule gefunden? Sie m\u00f6chten einen Ringfund melden? Sie haben Sch\u00e4den an einer von uns betreuten Nisthilfe festgestellt? Oder Sie m\u00f6chten auf Ihrem eigenen Grundst\u00fcck Steink\u00e4uze ansiedeln? Hier finden Sie Antworten auf diese und andere Fragen.<\/p>\n\n\n\n<div style=\"height:35px\" aria-hidden=\"true\" class=\"wp-block-spacer\"><\/div>\n\n\n\n<div class=\"wp-block-buttons is-content-justification-center is-layout-flex wp-container-core-buttons-is-layout-16018d1d wp-block-buttons-is-layout-flex\">\n<div class=\"wp-block-button\"><a class=\"wp-block-button__link has-text-align-center wp-element-button\" href=\"http:\/\/eulenforschung.de\/index.php\/haeufige-fragen\/\">H\u00e4ufig gestellte Fragen (FAQ)<\/a><\/div>\n<\/div>\n\n\n\n<p><\/p>\n","protected":false},"excerpt":{"rendered":"<p>Der Steinkauz war im Landkreis Ludwigsburg (Baden-W\u00fcrttemberg) Ende der 1980er Jahre fast ausgestorben. Nur noch acht Paare der kleinen Eule konnten damals nachgewiesen werden. Die \u201eFOGE \u2013 Forschungsgemeinschaft zur Erhaltung&hellip;<\/p>\n","protected":false},"author":1,"featured_media":0,"parent":0,"menu_order":0,"comment_status":"closed","ping_status":"closed","template":"","meta":{"footnotes":""},"class_list":["post-16","page","type-page","status-publish","hentry","empty-entry-meta"],"yoast_head":"<!-- This site is optimized with the Yoast SEO plugin v27.3 - https:\/\/yoast.com\/product\/yoast-seo-wordpress\/ -->\n<title>Willkommen bei Steinkauz &amp; Co. - FOGE-Eulenforschung<\/title>\n<meta name=\"robots\" content=\"index, follow, max-snippet:-1, max-image-preview:large, max-video-preview:-1\" \/>\n<link rel=\"canonical\" href=\"https:\/\/www.eulenforschung.de\/\" \/>\n<meta property=\"og:locale\" content=\"de_DE\" \/>\n<meta property=\"og:type\" content=\"article\" \/>\n<meta property=\"og:title\" content=\"Willkommen bei Steinkauz &amp; Co. - FOGE-Eulenforschung\" \/>\n<meta property=\"og:description\" content=\"Der Steinkauz war im Landkreis Ludwigsburg (Baden-W\u00fcrttemberg) Ende der 1980er Jahre fast ausgestorben. Nur noch acht Paare der kleinen Eule konnten damals nachgewiesen werden. Die \u201eFOGE \u2013 Forschungsgemeinschaft zur Erhaltung&hellip;\" \/>\n<meta property=\"og:url\" content=\"https:\/\/www.eulenforschung.de\/\" \/>\n<meta property=\"og:site_name\" content=\"FOGE-Eulenforschung\" \/>\n<meta property=\"article:modified_time\" content=\"2025-10-04T14:42:55+00:00\" \/>\n<meta name=\"twitter:card\" content=\"summary_large_image\" \/>\n<meta name=\"twitter:label1\" content=\"Gesch\u00e4tzte Lesezeit\" \/>\n\t<meta name=\"twitter:data1\" content=\"1\u00a0Minute\" \/>\n<script type=\"application\/ld+json\" class=\"yoast-schema-graph\">{\"@context\":\"https:\\\/\\\/schema.org\",\"@graph\":[{\"@type\":\"WebPage\",\"@id\":\"https:\\\/\\\/www.eulenforschung.de\\\/\",\"url\":\"https:\\\/\\\/www.eulenforschung.de\\\/\",\"name\":\"Willkommen bei Steinkauz & Co. - FOGE-Eulenforschung\",\"isPartOf\":{\"@id\":\"https:\\\/\\\/www.eulenforschung.de\\\/#website\"},\"datePublished\":\"2025-09-15T10:02:53+00:00\",\"dateModified\":\"2025-10-04T14:42:55+00:00\",\"breadcrumb\":{\"@id\":\"https:\\\/\\\/www.eulenforschung.de\\\/#breadcrumb\"},\"inLanguage\":\"de\",\"potentialAction\":[{\"@type\":\"ReadAction\",\"target\":[\"https:\\\/\\\/www.eulenforschung.de\\\/\"]}]},{\"@type\":\"BreadcrumbList\",\"@id\":\"https:\\\/\\\/www.eulenforschung.de\\\/#breadcrumb\",\"itemListElement\":[{\"@type\":\"ListItem\",\"position\":1,\"name\":\"Startseite\",\"item\":\"https:\\\/\\\/www.eulenforschung.de\\\/\"},{\"@type\":\"ListItem\",\"position\":2,\"name\":\"Willkommen bei Steinkauz &#038; Co.\"}]},{\"@type\":\"WebSite\",\"@id\":\"https:\\\/\\\/www.eulenforschung.de\\\/#website\",\"url\":\"https:\\\/\\\/www.eulenforschung.de\\\/\",\"name\":\"FOGE-Eulenforschung\",\"description\":\"Forschungsgemeinschaft zur Erhaltung einheimischer Eulen e.V.\",\"alternateName\":\"Forschungsgemeinschaft zur Erhaltung einheimischer Eulen e.V.\",\"potentialAction\":[{\"@type\":\"SearchAction\",\"target\":{\"@type\":\"EntryPoint\",\"urlTemplate\":\"https:\\\/\\\/www.eulenforschung.de\\\/?s={search_term_string}\"},\"query-input\":{\"@type\":\"PropertyValueSpecification\",\"valueRequired\":true,\"valueName\":\"search_term_string\"}}],\"inLanguage\":\"de\"}]}<\/script>\n<!-- \/ Yoast SEO plugin. -->","yoast_head_json":{"title":"Willkommen bei Steinkauz & Co. - FOGE-Eulenforschung","robots":{"index":"index","follow":"follow","max-snippet":"max-snippet:-1","max-image-preview":"max-image-preview:large","max-video-preview":"max-video-preview:-1"},"canonical":"https:\/\/www.eulenforschung.de\/","og_locale":"de_DE","og_type":"article","og_title":"Willkommen bei Steinkauz & Co. - FOGE-Eulenforschung","og_description":"Der Steinkauz war im Landkreis Ludwigsburg (Baden-W\u00fcrttemberg) Ende der 1980er Jahre fast ausgestorben. Nur noch acht Paare der kleinen Eule konnten damals nachgewiesen werden. Die \u201eFOGE \u2013 Forschungsgemeinschaft zur Erhaltung&hellip;","og_url":"https:\/\/www.eulenforschung.de\/","og_site_name":"FOGE-Eulenforschung","article_modified_time":"2025-10-04T14:42:55+00:00","twitter_card":"summary_large_image","twitter_misc":{"Gesch\u00e4tzte Lesezeit":"1\u00a0Minute"},"schema":{"@context":"https:\/\/schema.org","@graph":[{"@type":"WebPage","@id":"https:\/\/www.eulenforschung.de\/","url":"https:\/\/www.eulenforschung.de\/","name":"Willkommen bei Steinkauz & Co. - FOGE-Eulenforschung","isPartOf":{"@id":"https:\/\/www.eulenforschung.de\/#website"},"datePublished":"2025-09-15T10:02:53+00:00","dateModified":"2025-10-04T14:42:55+00:00","breadcrumb":{"@id":"https:\/\/www.eulenforschung.de\/#breadcrumb"},"inLanguage":"de","potentialAction":[{"@type":"ReadAction","target":["https:\/\/www.eulenforschung.de\/"]}]},{"@type":"BreadcrumbList","@id":"https:\/\/www.eulenforschung.de\/#breadcrumb","itemListElement":[{"@type":"ListItem","position":1,"name":"Startseite","item":"https:\/\/www.eulenforschung.de\/"},{"@type":"ListItem","position":2,"name":"Willkommen bei Steinkauz &#038; Co."}]},{"@type":"WebSite","@id":"https:\/\/www.eulenforschung.de\/#website","url":"https:\/\/www.eulenforschung.de\/","name":"FOGE-Eulenforschung","description":"Forschungsgemeinschaft zur Erhaltung einheimischer Eulen e.V.","alternateName":"Forschungsgemeinschaft zur Erhaltung einheimischer Eulen e.V.","potentialAction":[{"@type":"SearchAction","target":{"@type":"EntryPoint","urlTemplate":"https:\/\/www.eulenforschung.de\/?s={search_term_string}"},"query-input":{"@type":"PropertyValueSpecification","valueRequired":true,"valueName":"search_term_string"}}],"inLanguage":"de"}]}},"_links":{"self":[{"href":"https:\/\/www.eulenforschung.de\/index.php\/wp-json\/wp\/v2\/pages\/16","targetHints":{"allow":["GET"]}}],"collection":[{"href":"https:\/\/www.eulenforschung.de\/index.php\/wp-json\/wp\/v2\/pages"}],"about":[{"href":"https:\/\/www.eulenforschung.de\/index.php\/wp-json\/wp\/v2\/types\/page"}],"author":[{"embeddable":true,"href":"https:\/\/www.eulenforschung.de\/index.php\/wp-json\/wp\/v2\/users\/1"}],"replies":[{"embeddable":true,"href":"https:\/\/www.eulenforschung.de\/index.php\/wp-json\/wp\/v2\/comments?post=16"}],"version-history":[{"count":13,"href":"https:\/\/www.eulenforschung.de\/index.php\/wp-json\/wp\/v2\/pages\/16\/revisions"}],"predecessor-version":[{"id":395,"href":"https:\/\/www.eulenforschung.de\/index.php\/wp-json\/wp\/v2\/pages\/16\/revisions\/395"}],"wp:attachment":[{"href":"https:\/\/www.eulenforschung.de\/index.php\/wp-json\/wp\/v2\/media?parent=16"}],"curies":[{"name":"wp","href":"https:\/\/api.w.org\/{rel}","templated":true}]}}