{"id":106,"date":"2025-09-20T11:18:07","date_gmt":"2025-09-20T09:18:07","guid":{"rendered":"http:\/\/janescher.de\/?page_id=106"},"modified":"2025-09-20T18:20:46","modified_gmt":"2025-09-20T16:20:46","slug":"schleiereule","status":"publish","type":"page","link":"https:\/\/www.eulenforschung.de\/index.php\/schleiereule\/","title":{"rendered":"Die Schleiereule (Tyto alba)"},"content":{"rendered":"\n<figure class=\"wp-block-image size-full\"><img loading=\"lazy\" decoding=\"async\" width=\"300\" height=\"200\" src=\"http:\/\/janescher.de\/wp-content\/uploads\/2025\/09\/Schleiereule-300x200-1.jpg\" alt=\"\" class=\"wp-image-107\" srcset=\"https:\/\/www.eulenforschung.de\/wp-content\/uploads\/2025\/09\/Schleiereule-300x200-1.jpg 300w, https:\/\/www.eulenforschung.de\/wp-content\/uploads\/2025\/09\/Schleiereule-300x200-1-270x180.jpg 270w\" sizes=\"auto, (max-width: 300px) 100vw, 300px\" \/><figcaption class=\"wp-element-caption\"><sub>Bild: NN<\/sub><\/figcaption><\/figure>\n\n\n\n<h2 class=\"wp-block-heading\">Merkmale<\/h2>\n\n\n\n<p>Charakteristisch ist die deutlich ausgepr\u00e4gte, herzf\u00f6rmige Gesichtsmaske. Die Schleiereule ist etwa taubengro\u00df und erreicht ein Gewicht von ca. 330g. Das Gefieder ist oberseits goldbraun, unterseits rostbraun bis wei\u00df. Wie ein feines Gespinst scheint \u00fcber ihr Federkleid ein \u201ePerlenschleier\u201c aus dunklen Punkten geworfen zu sein.<\/p>\n\n\n\n<h2 class=\"wp-block-heading\">Lebensraum<\/h2>\n\n\n\n<p>Die Schleiereule ist ein Kulturfolger, der sich eng an menschliche Siedlungen angeschlossen hat. Geb\u00e4ude (z.B. Scheunen und Kircht\u00fcrme) dienen ihr als Tagesschlaf- und Nistplatz. Offenes Kulturland mit ganzj\u00e4hrig kurzer Vegetation ist das bevorzugte Jagdgebiet. Auch im Kreis Ludwigsburg kommt die Schleiereule vor, ist aber heutzutage \u2013 wie fast \u00fcberall in Deutschland \u2013 auf Nisthilfen angewiesen.<\/p>\n\n\n\n<h2 class=\"wp-block-heading\">Nahrung<\/h2>\n\n\n\n<p>Die Nahrung der Schleiereule besteht bis zu 96% aus Kleins\u00e4ugern, haupts\u00e4chlich Feld- und Spitzm\u00e4usen; nur in geringem Umfang werden V\u00f6gel, Amphibien und Insekten erbeutet.<\/p>\n\n\n\n<h2 class=\"wp-block-heading\">Gef\u00e4hrdung<\/h2>\n\n\n\n<p>Wie beim Steinkauz ist auch bei der Schleiereule eine rapide Verringerung des Brutplatzangebotes festzustellen. Umbau und Modernisierungsma\u00dfnahmen beseitigen ruhige, katzen- und mardersichere Schlaf- und Brutpl\u00e4tze. Desweiteren wirkt sich eine Nahrungsverknappung durch den R\u00fcckgang der Beutetiere negativ auf den Bestand der Schleiereule aus. Ursachen sind die Trennung von Ackerbau- und Gr\u00fcnlandgebieten aber auch der Wegfall von Gr\u00e4ben, Hecken und Feldrainen infolge der Mechanisierung und Vergr\u00f6\u00dferung der Wirtschaftsfl\u00e4chen.<\/p>\n\n\n\n<h2 class=\"wp-block-heading\">Schutzma\u00dfnahmen<\/h2>\n\n\n\n<ul class=\"wp-block-list\">\n<li>\u00d6ffnen von landwirtschaftlichen Geb\u00e4uden und Kircht\u00fcrmen zur<\/li>\n\n\n\n<li>Schaffung von Brut- und Schlafpl\u00e4tzen, sowie zur Verbesserung der<\/li>\n\n\n\n<li>winterlichen Nahrungsgrundlage Anbringen von Nisthilfen (siehe Bild) Erhaltung einer strukturreichen Landschaft mit Wiesen, Weiden und T\u00fcmpeln sowie Feldrainen und Brachefl\u00e4chen als R\u00fcckzugsgebiete f\u00fcr<\/li>\n\n\n\n<li>Kleins\u00e4uger, der Hauptnahrungsquelle der Schleiereule<\/li>\n<\/ul>\n\n\n\n<figure class=\"wp-block-image size-full\"><img loading=\"lazy\" decoding=\"async\" width=\"500\" height=\"568\" src=\"http:\/\/janescher.de\/wp-content\/uploads\/2025\/09\/kasten_gr_2.jpg\" alt=\"\" class=\"wp-image-115\" srcset=\"https:\/\/www.eulenforschung.de\/wp-content\/uploads\/2025\/09\/kasten_gr_2.jpg 500w, https:\/\/www.eulenforschung.de\/wp-content\/uploads\/2025\/09\/kasten_gr_2-264x300.jpg 264w, https:\/\/www.eulenforschung.de\/wp-content\/uploads\/2025\/09\/kasten_gr_2-158x180.jpg 158w\" sizes=\"auto, (max-width: 500px) 100vw, 500px\" \/><\/figure>\n","protected":false},"excerpt":{"rendered":"<p>Merkmale Charakteristisch ist die deutlich ausgepr\u00e4gte, herzf\u00f6rmige Gesichtsmaske. Die Schleiereule ist etwa taubengro\u00df und erreicht ein Gewicht von ca. 330g. Das Gefieder ist oberseits goldbraun, unterseits rostbraun bis wei\u00df. Wie&hellip;<\/p>\n","protected":false},"author":1,"featured_media":0,"parent":0,"menu_order":0,"comment_status":"closed","ping_status":"closed","template":"","meta":{"footnotes":"[]"},"class_list":["post-106","page","type-page","status-publish","hentry","empty-entry-meta"],"yoast_head":"<!-- This site is optimized with the Yoast SEO plugin v27.5 - https:\/\/yoast.com\/product\/yoast-seo-wordpress\/ -->\n<title>Die Schleiereule (Tyto alba) - FOGE-Eulenforschung<\/title>\n<meta name=\"robots\" content=\"index, follow, max-snippet:-1, max-image-preview:large, max-video-preview:-1\" \/>\n<link rel=\"canonical\" href=\"https:\/\/www.eulenforschung.de\/index.php\/schleiereule\/\" \/>\n<meta property=\"og:locale\" content=\"de_DE\" \/>\n<meta property=\"og:type\" content=\"article\" \/>\n<meta property=\"og:title\" content=\"Die Schleiereule (Tyto alba) - FOGE-Eulenforschung\" \/>\n<meta property=\"og:description\" content=\"Merkmale Charakteristisch ist die deutlich ausgepr\u00e4gte, herzf\u00f6rmige Gesichtsmaske. Die Schleiereule ist etwa taubengro\u00df und erreicht ein Gewicht von ca. 330g. Das Gefieder ist oberseits goldbraun, unterseits rostbraun bis wei\u00df. Wie&hellip;\" \/>\n<meta property=\"og:url\" content=\"https:\/\/www.eulenforschung.de\/index.php\/schleiereule\/\" \/>\n<meta property=\"og:site_name\" content=\"FOGE-Eulenforschung\" \/>\n<meta property=\"article:modified_time\" content=\"2025-09-20T16:20:46+00:00\" \/>\n<meta property=\"og:image\" content=\"http:\/\/janescher.de\/wp-content\/uploads\/2025\/09\/Schleiereule-300x200-1.jpg\" \/>\n<meta name=\"twitter:card\" content=\"summary_large_image\" \/>\n<meta name=\"twitter:label1\" content=\"Gesch\u00e4tzte Lesezeit\" \/>\n\t<meta name=\"twitter:data1\" content=\"1\u00a0Minute\" \/>\n<script type=\"application\/ld+json\" class=\"yoast-schema-graph\">{\"@context\":\"https:\\\/\\\/schema.org\",\"@graph\":[{\"@type\":\"WebPage\",\"@id\":\"https:\\\/\\\/www.eulenforschung.de\\\/index.php\\\/schleiereule\\\/\",\"url\":\"https:\\\/\\\/www.eulenforschung.de\\\/index.php\\\/schleiereule\\\/\",\"name\":\"Die Schleiereule (Tyto alba) - FOGE-Eulenforschung\",\"isPartOf\":{\"@id\":\"https:\\\/\\\/www.eulenforschung.de\\\/#website\"},\"primaryImageOfPage\":{\"@id\":\"https:\\\/\\\/www.eulenforschung.de\\\/index.php\\\/schleiereule\\\/#primaryimage\"},\"image\":{\"@id\":\"https:\\\/\\\/www.eulenforschung.de\\\/index.php\\\/schleiereule\\\/#primaryimage\"},\"thumbnailUrl\":\"http:\\\/\\\/janescher.de\\\/wp-content\\\/uploads\\\/2025\\\/09\\\/Schleiereule-300x200-1.jpg\",\"datePublished\":\"2025-09-20T09:18:07+00:00\",\"dateModified\":\"2025-09-20T16:20:46+00:00\",\"breadcrumb\":{\"@id\":\"https:\\\/\\\/www.eulenforschung.de\\\/index.php\\\/schleiereule\\\/#breadcrumb\"},\"inLanguage\":\"de\",\"potentialAction\":[{\"@type\":\"ReadAction\",\"target\":[\"https:\\\/\\\/www.eulenforschung.de\\\/index.php\\\/schleiereule\\\/\"]}]},{\"@type\":\"ImageObject\",\"inLanguage\":\"de\",\"@id\":\"https:\\\/\\\/www.eulenforschung.de\\\/index.php\\\/schleiereule\\\/#primaryimage\",\"url\":\"http:\\\/\\\/janescher.de\\\/wp-content\\\/uploads\\\/2025\\\/09\\\/Schleiereule-300x200-1.jpg\",\"contentUrl\":\"http:\\\/\\\/janescher.de\\\/wp-content\\\/uploads\\\/2025\\\/09\\\/Schleiereule-300x200-1.jpg\"},{\"@type\":\"BreadcrumbList\",\"@id\":\"https:\\\/\\\/www.eulenforschung.de\\\/index.php\\\/schleiereule\\\/#breadcrumb\",\"itemListElement\":[{\"@type\":\"ListItem\",\"position\":1,\"name\":\"Startseite\",\"item\":\"https:\\\/\\\/www.eulenforschung.de\\\/\"},{\"@type\":\"ListItem\",\"position\":2,\"name\":\"Die Schleiereule (Tyto alba)\"}]},{\"@type\":\"WebSite\",\"@id\":\"https:\\\/\\\/www.eulenforschung.de\\\/#website\",\"url\":\"https:\\\/\\\/www.eulenforschung.de\\\/\",\"name\":\"FOGE-Eulenforschung\",\"description\":\"Forschungsgemeinschaft zur Erhaltung einheimischer Eulen e.V.\",\"alternateName\":\"Forschungsgemeinschaft zur Erhaltung einheimischer Eulen e.V.\",\"potentialAction\":[{\"@type\":\"SearchAction\",\"target\":{\"@type\":\"EntryPoint\",\"urlTemplate\":\"https:\\\/\\\/www.eulenforschung.de\\\/?s={search_term_string}\"},\"query-input\":{\"@type\":\"PropertyValueSpecification\",\"valueRequired\":true,\"valueName\":\"search_term_string\"}}],\"inLanguage\":\"de\"}]}<\/script>\n<!-- \/ Yoast SEO plugin. -->","yoast_head_json":{"title":"Die Schleiereule (Tyto alba) - FOGE-Eulenforschung","robots":{"index":"index","follow":"follow","max-snippet":"max-snippet:-1","max-image-preview":"max-image-preview:large","max-video-preview":"max-video-preview:-1"},"canonical":"https:\/\/www.eulenforschung.de\/index.php\/schleiereule\/","og_locale":"de_DE","og_type":"article","og_title":"Die Schleiereule (Tyto alba) - FOGE-Eulenforschung","og_description":"Merkmale Charakteristisch ist die deutlich ausgepr\u00e4gte, herzf\u00f6rmige Gesichtsmaske. Die Schleiereule ist etwa taubengro\u00df und erreicht ein Gewicht von ca. 330g. Das Gefieder ist oberseits goldbraun, unterseits rostbraun bis wei\u00df. Wie&hellip;","og_url":"https:\/\/www.eulenforschung.de\/index.php\/schleiereule\/","og_site_name":"FOGE-Eulenforschung","article_modified_time":"2025-09-20T16:20:46+00:00","og_image":[{"url":"http:\/\/janescher.de\/wp-content\/uploads\/2025\/09\/Schleiereule-300x200-1.jpg","type":"","width":"","height":""}],"twitter_card":"summary_large_image","twitter_misc":{"Gesch\u00e4tzte Lesezeit":"1\u00a0Minute"},"schema":{"@context":"https:\/\/schema.org","@graph":[{"@type":"WebPage","@id":"https:\/\/www.eulenforschung.de\/index.php\/schleiereule\/","url":"https:\/\/www.eulenforschung.de\/index.php\/schleiereule\/","name":"Die Schleiereule (Tyto alba) - FOGE-Eulenforschung","isPartOf":{"@id":"https:\/\/www.eulenforschung.de\/#website"},"primaryImageOfPage":{"@id":"https:\/\/www.eulenforschung.de\/index.php\/schleiereule\/#primaryimage"},"image":{"@id":"https:\/\/www.eulenforschung.de\/index.php\/schleiereule\/#primaryimage"},"thumbnailUrl":"http:\/\/janescher.de\/wp-content\/uploads\/2025\/09\/Schleiereule-300x200-1.jpg","datePublished":"2025-09-20T09:18:07+00:00","dateModified":"2025-09-20T16:20:46+00:00","breadcrumb":{"@id":"https:\/\/www.eulenforschung.de\/index.php\/schleiereule\/#breadcrumb"},"inLanguage":"de","potentialAction":[{"@type":"ReadAction","target":["https:\/\/www.eulenforschung.de\/index.php\/schleiereule\/"]}]},{"@type":"ImageObject","inLanguage":"de","@id":"https:\/\/www.eulenforschung.de\/index.php\/schleiereule\/#primaryimage","url":"http:\/\/janescher.de\/wp-content\/uploads\/2025\/09\/Schleiereule-300x200-1.jpg","contentUrl":"http:\/\/janescher.de\/wp-content\/uploads\/2025\/09\/Schleiereule-300x200-1.jpg"},{"@type":"BreadcrumbList","@id":"https:\/\/www.eulenforschung.de\/index.php\/schleiereule\/#breadcrumb","itemListElement":[{"@type":"ListItem","position":1,"name":"Startseite","item":"https:\/\/www.eulenforschung.de\/"},{"@type":"ListItem","position":2,"name":"Die Schleiereule (Tyto alba)"}]},{"@type":"WebSite","@id":"https:\/\/www.eulenforschung.de\/#website","url":"https:\/\/www.eulenforschung.de\/","name":"FOGE-Eulenforschung","description":"Forschungsgemeinschaft zur Erhaltung einheimischer Eulen e.V.","alternateName":"Forschungsgemeinschaft zur Erhaltung einheimischer Eulen e.V.","potentialAction":[{"@type":"SearchAction","target":{"@type":"EntryPoint","urlTemplate":"https:\/\/www.eulenforschung.de\/?s={search_term_string}"},"query-input":{"@type":"PropertyValueSpecification","valueRequired":true,"valueName":"search_term_string"}}],"inLanguage":"de"}]}},"_links":{"self":[{"href":"https:\/\/www.eulenforschung.de\/index.php\/wp-json\/wp\/v2\/pages\/106","targetHints":{"allow":["GET"]}}],"collection":[{"href":"https:\/\/www.eulenforschung.de\/index.php\/wp-json\/wp\/v2\/pages"}],"about":[{"href":"https:\/\/www.eulenforschung.de\/index.php\/wp-json\/wp\/v2\/types\/page"}],"author":[{"embeddable":true,"href":"https:\/\/www.eulenforschung.de\/index.php\/wp-json\/wp\/v2\/users\/1"}],"replies":[{"embeddable":true,"href":"https:\/\/www.eulenforschung.de\/index.php\/wp-json\/wp\/v2\/comments?post=106"}],"version-history":[{"count":6,"href":"https:\/\/www.eulenforschung.de\/index.php\/wp-json\/wp\/v2\/pages\/106\/revisions"}],"predecessor-version":[{"id":116,"href":"https:\/\/www.eulenforschung.de\/index.php\/wp-json\/wp\/v2\/pages\/106\/revisions\/116"}],"wp:attachment":[{"href":"https:\/\/www.eulenforschung.de\/index.php\/wp-json\/wp\/v2\/media?parent=106"}],"curies":[{"name":"wp","href":"https:\/\/api.w.org\/{rel}","templated":true}]}}